{"id":2597,"date":"2018-02-01T14:16:21","date_gmt":"2018-02-01T19:16:21","guid":{"rendered":"\/?page_id=2597"},"modified":"2018-02-01T14:34:22","modified_gmt":"2018-02-01T19:34:22","slug":"gdpr","status":"publish","type":"page","link":"https:\/\/www.connectalk.com\/en\/solutions\/professional-services\/gdpr\/","title":{"rendered":"Towards GDPR compliance"},"content":{"rendered":"<p>[et_pb_section bb_built=&#8221;1&#8243; specialty=&#8221;on&#8221; _builder_version=&#8221;3.0.47&#8243;][et_pb_column type=&#8221;3_4&#8243; specialty_columns=&#8221;3&#8243;][et_pb_row_inner admin_label=&#8221;Row&#8221; _builder_version=&#8221;3.0.47&#8243;][et_pb_column_inner type=&#8221;4_4&#8243; saved_specialty_column_type=&#8221;3_4&#8243;][et_pb_slider show_arrows=&#8221;off&#8221; show_pagination=&#8221;off&#8221; _builder_version=&#8221;3.0.99&#8243; animation_direction=&#8221;right&#8221; custom_button=&#8221;off&#8221; button_icon_placement=&#8221;right&#8221; show_content_on_mobile=&#8221;on&#8221; show_cta_on_mobile=&#8221;on&#8221; show_image_video_mobile=&#8221;off&#8221;][et_pb_slide heading=&#8221;Towards GDPR compliance&#8221; use_bg_overlay=&#8221;off&#8221; use_text_overlay=&#8221;off&#8221; admin_title=&#8221;GDPR&#8221; _builder_version=&#8221;3.0.99&#8243; header_font=&#8221;|700|||||||&#8221; header_text_align=&#8221;center&#8221; header_text_shadow_style=&#8221;preset2&#8243; background_image=&#8221;\/wp-content\/uploads\/blue-data-europe-hd.jpg&#8221; background_position=&#8221;center_right&#8221; custom_button=&#8221;off&#8221; button_on_hover=&#8221;on&#8221; use_background_color_gradient=&#8221;off&#8221; background_color_gradient_start=&#8221;#2b87da&#8221; background_color_gradient_end=&#8221;#29c4a9&#8243; background_color_gradient_type=&#8221;linear&#8221; background_color_gradient_direction=&#8221;180deg&#8221; background_color_gradient_direction_radial=&#8221;center&#8221; background_color_gradient_start_position=&#8221;0%&#8221; background_color_gradient_end_position=&#8221;100%&#8221; background_color_gradient_overlays_image=&#8221;off&#8221; parallax=&#8221;off&#8221; parallax_method=&#8221;on&#8221; background_size=&#8221;cover&#8221; background_repeat=&#8221;no-repeat&#8221; background_blend=&#8221;normal&#8221; allow_player_pause=&#8221;off&#8221; background_video_pause_outside_viewport=&#8221;on&#8221; text_border_radius=&#8221;3&#8243; alignment=&#8221;center&#8221; child_filter_hue_rotate=&#8221;0deg&#8221; child_filter_saturate=&#8221;100%&#8221; child_filter_brightness=&#8221;100%&#8221; child_filter_contrast=&#8221;100%&#8221; child_filter_invert=&#8221;0%&#8221; child_filter_sepia=&#8221;0%&#8221; child_filter_opacity=&#8221;100%&#8221; child_filter_blur=&#8221;0px&#8221; child_mix_blend_mode=&#8221;normal&#8221; background_layout=&#8221;dark&#8221; text_shadow_style=&#8221;none&#8221; header_text_shadow_horizontal_length=&#8221;0.08em&#8221; header_text_shadow_vertical_length=&#8221;0.08em&#8221; header_text_shadow_blur_strength=&#8221;0.08em&#8221; body_text_shadow_style=&#8221;none&#8221; button_bg_use_color_gradient=&#8221;off&#8221; button_bg_color_gradient_overlays_image=&#8221;off&#8221; button_use_icon=&#8221;on&#8221; button_text_shadow_style=&#8221;none&#8221; box_shadow_style_button=&#8221;none&#8221; text_shadow_horizontal_length=&#8221;0em&#8221; text_shadow_vertical_length=&#8221;0em&#8221; text_shadow_blur_strength=&#8221;0em&#8221; body_text_shadow_horizontal_length=&#8221;0em&#8221; body_text_shadow_vertical_length=&#8221;0em&#8221; body_text_shadow_blur_strength=&#8221;0em&#8221; button_text_shadow_horizontal_length=&#8221;0em&#8221; button_text_shadow_vertical_length=&#8221;0em&#8221; button_text_shadow_blur_strength=&#8221;0em&#8221; \/][\/et_pb_slider][\/et_pb_column_inner][\/et_pb_row_inner][et_pb_row_inner admin_label=&#8221;Row&#8221; _builder_version=&#8221;3.0.47&#8243;][et_pb_column_inner type=&#8221;1_2&#8243; saved_specialty_column_type=&#8221;3_4&#8243;][et_pb_text _builder_version=&#8221;3.0.99&#8243; background_layout=&#8221;light&#8221;]<\/p>\n<h1 id=\"firstHeading\" class=\"firstHeading\" lang=\"fr\">General Data Protection Regulation<\/h1>\n<p>&nbsp;<\/p>\n<p>D\u00e8s le 25 mai 2018, quelle qu\u2019en soit sa taille ou sa provenance, toute organisation qui contr\u00f4le et\/ou traite de l\u2019information personnelle permettant d\u2019identifi\u00e9e d\u2019un citoyen europ\u00e9en (PII), est assujetti \u00e0 la r\u00e9glementation RGPD (en anglais : GDPR &#8211; General Data Protection Regulation).<\/p>\n<p>[\/et_pb_text][et_pb_image src=&#8221;\/wp-content\/uploads\/GDPR5-transparent-800.png&#8221; align=&#8221;center&#8221; _builder_version=&#8221;3.0.99&#8243; background_color=&#8221;#1f3e69&#8243; border_radii=&#8221;on|0px|0px|0px|0px&#8221; custom_padding=&#8221;10px|10px|10px|10px&#8221; animation_style=&#8221;fade&#8221;]<\/p>\n<p>&nbsp;<\/p>\n<p>[\/et_pb_image][et_pb_text _builder_version=&#8221;3.0.99&#8243;]<\/p>\n<p>La donn\u00e9e est un actif organisationnel devenue critique, sa protection un imp\u00e9ratif absolu tout au long de son cycle de vie. L\u2019usage des donn\u00e9es personnelles doit \u00eatre transparent et limit\u00e9. Pour l\u2019entreprise, l\u2019enjeu et le d\u00e9fi \u00e9conomique sont de concilier la protection des donn\u00e9es personnelles en maintenant la confiance des parties prenantes tout en d\u00e9veloppement les activit\u00e9s commerciales.<\/p>\n<p>La conformit\u00e9 \u00e0 la r\u00e8glementation RGPD permettra aux entreprises d\u2019atteindre ces objectifs.<\/p>\n<p>[\/et_pb_text][\/et_pb_column_inner][et_pb_column_inner type=&#8221;1_2&#8243; saved_specialty_column_type=&#8221;3_4&#8243;][et_pb_text _builder_version=&#8221;3.0.99&#8243; border_radii=&#8221;on|8px|8px|8px|8px&#8221; border_width_all=&#8221;3px&#8221; border_color_all=&#8221;#1b3253&#8243; custom_padding=&#8221;20px|20px|20px|20px&#8221; use_background_color_gradient=&#8221;on&#8221; background_color_gradient_start=&#8221;#e8edff&#8221; background_color_gradient_end=&#8221;#f2f5ff&#8221;]<\/p>\n<p><strong>L&#8217;organisation doit donc pouvoir d\u00e9montrer<\/strong><\/p>\n<ul>\n<li>qu\u2019elle en a obtenu le consentent explicite,<\/li>\n<li>que l\u2019information est trait\u00e9e et conserv\u00e9e (acc\u00e8s limit\u00e9e et privil\u00e9gi\u00e9e) de fa\u00e7on s\u00e9curitaire (Privacy by design &amp; Privacy by default)<\/li>\n<li>que l\u2019individu aura le droit d\u2019exiger que ses renseignements personnels soient d\u00e9truits (right to be forgotten) ou transf\u00e9r\u00e9s de fa\u00e7on s\u00e9curitaire (portabilit\u00e9)<\/li>\n<li>la notification de toute atteinte \u00e0 la s\u00e9curit\u00e9 des renseignements personnels doit \u00eatre rapport\u00e9 dans un d\u00e9lai de 72 heures, \u00e0 d\u00e9faut de quoi l\u2019organisation est passible d\u2019amendes \u00e9quivalent \u00e0 4% de chiffre d\u2019affaire de l\u2019entreprise<\/li>\n<li>qu\u2019elle effectue r\u00e9guli\u00e8rement une analyse d\u2019impact (DPIA) qui d\u00e9montre que les syst\u00e8mes en place assure le niveau protection requis<\/li>\n<\/ul>\n<p><strong>L&#8217;organisation d\u00e9signera un d\u00e9l\u00e9gu\u00e9<\/strong> \u00e0 la protection des donn\u00e9es (DPO \u2013 Data Protection Officer) qui sera tenu responsable et devra promouvoir une culture de protection des donn\u00e9es dans les processus internes de l\u2019entreprise.<\/p>\n<p>[\/et_pb_text][\/et_pb_column_inner][\/et_pb_row_inner][et_pb_row_inner admin_label=&#8221;Row&#8221; _builder_version=&#8221;3.0.99&#8243; custom_margin=&#8221;||0px|&#8221; custom_padding=&#8221;||0px|&#8221;][et_pb_column_inner type=&#8221;4_4&#8243; saved_specialty_column_type=&#8221;3_4&#8243;][et_pb_image _builder_version=&#8221;3.0.99&#8243; src=&#8221;\/wp-content\/uploads\/swish-fade-wide.png&#8221; show_in_lightbox=&#8221;off&#8221; url_new_window=&#8221;off&#8221; use_overlay=&#8221;off&#8221; always_center_on_mobile=&#8221;on&#8221; force_fullwidth=&#8221;off&#8221; show_bottom_space=&#8221;on&#8221; \/][et_pb_text _builder_version=&#8221;3.0.99&#8243; background_layout=&#8221;light&#8221;]<\/p>\n<h2>ConnecTalk Consulting Services Team<\/h2>\n<p>[\/et_pb_text][\/et_pb_column_inner][\/et_pb_row_inner][et_pb_row_inner admin_label=&#8221;Row&#8221;][et_pb_column_inner type=&#8221;1_2&#8243; saved_specialty_column_type=&#8221;3_4&#8243;][et_pb_text _builder_version=&#8221;3.0.99&#8243; background_layout=&#8221;light&#8221;]<\/p>\n<ul>\n<li><strong>Notre m\u00e9thodologie:<\/strong>\n<ul>\n<li>Analyse d\u2019\u00e9cart (via DPIA)\n<ul>\n<li>Gouvernance, risques, vuln\u00e9rabilit\u00e9s, politiques et proc\u00e9dures<\/li>\n<\/ul>\n<\/li>\n<li>Analyse des r\u00e9sultats<\/li>\n<li>Recommandations\n<ul>\n<li>Gouvernance, politiques, proc\u00e9dures, infrastructure et cyber s\u00e9curit\u00e9 TI et plateformes applicatives<\/li>\n<\/ul>\n<\/li>\n<li>Aide et accompagnement pour la mise en place des recommandations<\/li>\n<\/ul>\n<\/li>\n<li><strong>ISACA<\/strong> (Information Systems Audit and Control Association)\n<ul>\n<li>R\u00e9f\u00e9rentiel: COBIT\u00ae 5<\/li>\n<\/ul>\n<\/li>\n<li><strong>Standards<\/strong>\n<ul>\n<li>NIST (National Institute of Standards and Technology)<\/li>\n<li>CIS (Center for Internet Security)<\/li>\n<\/ul>\n<\/li>\n<li><strong>Outils technologiques<\/strong>\n<ul>\n<li>Surveillance, analyse et journalisation<\/li>\n<\/ul>\n<\/li>\n<\/ul>\n<p>[\/et_pb_text][\/et_pb_column_inner][et_pb_column_inner type=&#8221;1_2&#8243; saved_specialty_column_type=&#8221;3_4&#8243;][et_pb_image _builder_version=&#8221;3.0.99&#8243; src=&#8221;\/wp-content\/uploads\/GDPR-logo-800.jpg&#8221; show_in_lightbox=&#8221;off&#8221; url_new_window=&#8221;off&#8221; use_overlay=&#8221;off&#8221; always_center_on_mobile=&#8221;on&#8221; force_fullwidth=&#8221;off&#8221; show_bottom_space=&#8221;on&#8221; \/][et_pb_countdown_timer _builder_version=&#8221;3.0.99&#8243; title=&#8221;Implementation date&#8221; date_time=&#8221;2018-05-25 00:00&#8243; use_background_color=&#8221;off&#8221; background_layout=&#8221;light&#8221; header_font=&#8221;|700|||||||&#8221; header_text_shadow_vertical_length=&#8221;0.1em&#8221; header_text_shadow_blur_strength=&#8221;0.1em&#8221; \/][et_pb_text _builder_version=&#8221;3.0.99&#8243; background_layout=&#8221;light&#8221;]<\/p>\n<h3>More Information<\/h3>\n<p><i class=\"fa fa-file-text\"><\/i>\u00a0<a href=\"http:\/\/eur-lex.europa.eu\/legal-content\/FR\/TXT\/?uri=CELEX:32016R0679\">EUR-Lex : R\u00c8GLEMENT (UE) 2016\/679<\/a><\/p>\n<p><i class=\"fa fa-file-text\"><\/i>\u00a0<a href=\"https:\/\/en.wikipedia.org\/wiki\/General_Data_Protection_Regulation\">Wikipedia : General Data Protection Regulation<\/a><\/p>\n<p>&nbsp;<\/p>\n<p>[\/et_pb_text][\/et_pb_column_inner][\/et_pb_row_inner][\/et_pb_column][et_pb_column type=&#8221;1_4&#8243;][et_pb_sidebar orientation=&#8221;right&#8221; area=&#8221;sidebar-1&#8243; _builder_version=&#8221;3.0.99&#8243;]<\/p>\n<p>&nbsp;<\/p>\n<p>[\/et_pb_sidebar][\/et_pb_column][\/et_pb_section]<\/p>\n","protected":false},"excerpt":{"rendered":"<p>General Data Protection Regulation &nbsp; D\u00e8s le 25 mai 2018, quelle qu\u2019en soit sa taille ou sa provenance, toute organisation qui contr\u00f4le et\/ou traite de l\u2019information personnelle permettant d\u2019identifi\u00e9e d\u2019un citoyen europ\u00e9en (PII), est assujetti \u00e0 la r\u00e9glementation RGPD (en anglais : GDPR &#8211; General Data Protection Regulation). &nbsp; La donn\u00e9e est un actif organisationnel [&hellip;]<\/p>\n","protected":false},"author":1,"featured_media":0,"parent":67,"menu_order":0,"comment_status":"closed","ping_status":"closed","template":"","meta":{"_et_pb_use_builder":"on","_et_pb_old_content":"","_et_gb_content_width":"","inline_featured_image":false,"footnotes":""},"class_list":["post-2597","page","type-page","status-publish","hentry"],"_links":{"self":[{"href":"https:\/\/www.connectalk.com\/en\/wp-json\/wp\/v2\/pages\/2597","targetHints":{"allow":["GET"]}}],"collection":[{"href":"https:\/\/www.connectalk.com\/en\/wp-json\/wp\/v2\/pages"}],"about":[{"href":"https:\/\/www.connectalk.com\/en\/wp-json\/wp\/v2\/types\/page"}],"author":[{"embeddable":true,"href":"https:\/\/www.connectalk.com\/en\/wp-json\/wp\/v2\/users\/1"}],"replies":[{"embeddable":true,"href":"https:\/\/www.connectalk.com\/en\/wp-json\/wp\/v2\/comments?post=2597"}],"version-history":[{"count":5,"href":"https:\/\/www.connectalk.com\/en\/wp-json\/wp\/v2\/pages\/2597\/revisions"}],"predecessor-version":[{"id":2599,"href":"https:\/\/www.connectalk.com\/en\/wp-json\/wp\/v2\/pages\/2597\/revisions\/2599"}],"up":[{"embeddable":true,"href":"https:\/\/www.connectalk.com\/en\/wp-json\/wp\/v2\/pages\/67"}],"wp:attachment":[{"href":"https:\/\/www.connectalk.com\/en\/wp-json\/wp\/v2\/media?parent=2597"}],"curies":[{"name":"wp","href":"https:\/\/api.w.org\/{rel}","templated":true}]}}