{"id":2531,"date":"2018-01-11T16:06:30","date_gmt":"2018-01-11T21:06:30","guid":{"rendered":"\/?page_id=2531"},"modified":"2018-02-01T00:40:22","modified_gmt":"2018-02-01T05:40:22","slug":"audit-de-cybersecurite","status":"publish","type":"page","link":"https:\/\/www.connectalk.com\/fr\/solutions\/services-professionnels\/audit-de-cybersecurite\/","title":{"rendered":"Audit de cybers\u00e9curit\u00e9"},"content":{"rendered":"<p>[et_pb_section bb_built=\u00a0\u00bb1&Prime; specialty=\u00a0\u00bbon\u00a0\u00bb _builder_version=\u00a0\u00bb3.0.47&Prime;][et_pb_column type=\u00a0\u00bb3_4&Prime; specialty_columns=\u00a0\u00bb3&Prime;][et_pb_row_inner admin_label=\u00a0\u00bbRow\u00a0\u00bb _builder_version=\u00a0\u00bb3.0.47&Prime;][et_pb_column_inner type=\u00a0\u00bb4_4&Prime; saved_specialty_column_type=\u00a0\u00bb3_4&Prime;][et_pb_slider show_arrows=\u00a0\u00bboff\u00a0\u00bb show_pagination=\u00a0\u00bboff\u00a0\u00bb _builder_version=\u00a0\u00bb3.0.97&Prime; db_height=\u00a0\u00bb371px\u00a0\u00bb show_inner_shadow=\u00a0\u00bbon\u00a0\u00bb custom_button=\u00a0\u00bboff\u00a0\u00bb button_icon_placement=\u00a0\u00bbright\u00a0\u00bb show_content_on_mobile=\u00a0\u00bbon\u00a0\u00bb show_cta_on_mobile=\u00a0\u00bbon\u00a0\u00bb show_image_video_mobile=\u00a0\u00bboff\u00a0\u00bb][et_pb_slide heading=\u00a0\u00bbAudit de cybers\u00e9curit\u00e9\u00a0\u00bb use_bg_overlay=\u00a0\u00bboff\u00a0\u00bb use_text_overlay=\u00a0\u00bboff\u00a0\u00bb admin_title=\u00a0\u00bbAudit\u00a0\u00bb _builder_version=\u00a0\u00bb3.0.97&Prime; header_font=\u00a0\u00bb|700|||||||\u00a0\u00bb background_image=\u00a0\u00bb\/wp-content\/uploads\/digital-shield-banner-background.jpg\u00a0\u00bb background_position=\u00a0\u00bbcenter_left\u00a0\u00bb custom_padding=\u00a0\u00bb|5%||40%\u00a0\u00bb custom_padding_tablet=\u00a0\u00bb|||30%\u00a0\u00bb custom_padding_phone=\u00a0\u00bb|||30%\u00a0\u00bb custom_button=\u00a0\u00bboff\u00a0\u00bb button_on_hover=\u00a0\u00bbon\u00a0\u00bb text_shadow_style=\u00a0\u00bbpreset2&Prime; background_color=\u00a0\u00bb#ffffff\u00a0\u00bb text_orientation=\u00a0\u00bbleft\u00a0\u00bb]<\/p>\n<ul style=\"list-style-type: disc;\">\n<li style=\"text-align: left;\">\u00c9valuer les politiques et proc\u00e9dures TI<\/li>\n<li style=\"text-align: left;\">Diagnostiquer l\u2019\u00e9tat du pare feu<\/li>\n<li style=\"text-align: left;\">R\u00e9viser la configuration des actifs critiques<\/li>\n<\/ul>\n<p>[\/et_pb_slide][\/et_pb_slider][\/et_pb_column_inner][\/et_pb_row_inner][et_pb_row_inner admin_label=\u00a0\u00bbRow\u00a0\u00bb _builder_version=\u00a0\u00bb3.0.97&Prime; background_image=\u00a0\u00bb\/wp-content\/uploads\/woman-white-board-face.jpg\u00a0\u00bb background_position=\u00a0\u00bbtop_left\u00a0\u00bb background_size=\u00a0\u00bbcontain\u00a0\u00bb use_custom_gutter=\u00a0\u00bbon\u00a0\u00bb gutter_width=\u00a0\u00bb1&Prime;][et_pb_column_inner type=\u00a0\u00bb1_2&Prime; saved_specialty_column_type=\u00a0\u00bb3_4&Prime;][et_pb_image _builder_version=\u00a0\u00bb3.0.97&Prime; src=\u00a0\u00bb\/wp-content\/uploads\/white-board-scribbles-firewall.png\u00a0\u00bb show_in_lightbox=\u00a0\u00bboff\u00a0\u00bb url_new_window=\u00a0\u00bboff\u00a0\u00bb use_overlay=\u00a0\u00bboff\u00a0\u00bb align=\u00a0\u00bbcenter\u00a0\u00bb always_center_on_mobile=\u00a0\u00bbon\u00a0\u00bb force_fullwidth=\u00a0\u00bboff\u00a0\u00bb show_bottom_space=\u00a0\u00bbon\u00a0\u00bb disabled=\u00a0\u00bboff\u00a0\u00bb disabled_on=\u00a0\u00bbon||\u00a0\u00bb max_width=\u00a0\u00bb65%\u00a0\u00bb \/][\/et_pb_column_inner][et_pb_column_inner type=\u00a0\u00bb1_2&Prime; saved_specialty_column_type=\u00a0\u00bb3_4&Prime;][et_pb_text _builder_version=\u00a0\u00bb3.0.97&Prime; background_layout=\u00a0\u00bblight\u00a0\u00bb text_font_size=\u00a0\u00bb18px\u00a0\u00bb]<\/p>\n<p>Avec plus de <strong>25 ans<\/strong> d\u2019exp\u00e9rience dans le domaine des technologies de l\u2019information, <strong>Services-Conseils ConnecTalk<\/strong> compte :<\/p>\n<ul>\n<li>des auditeurs certifi\u00e9s CISA, CRISC<\/li>\n<li>des sp\u00e9cialistes en s\u00e9curit\u00e9 informatique<\/li>\n<li>une gamme d&rsquo;outils appropri\u00e9<\/li>\n<\/ul>\n<p>Notre \u00e9quipe multidisciplinaire saura \u00e9valuer vos syst\u00e8mes !<\/p>\n<p><i class=\"fa fa-shield\"><\/i> \u00c9valuation des vuln\u00e9rabilit\u00e9s et des faiblesses<\/p>\n<p><i class=\"fa fa-search\"><\/i> Analyse des r\u00e9sultats<\/p>\n<p><i class=\"fa fa-file-text-o\"><\/i> Rapport d\u00e9taill\u00e9 avec recommendations<\/p>\n<p>[\/et_pb_text][\/et_pb_column_inner][\/et_pb_row_inner][\/et_pb_column][et_pb_column type=\u00a0\u00bb1_4&Prime;][et_pb_sidebar area=\u00a0\u00bbsidebar-1&Prime; _builder_version=\u00a0\u00bb3.0.99&Prime; orientation=\u00a0\u00bbright\u00a0\u00bb show_border=\u00a0\u00bbon\u00a0\u00bb background_layout=\u00a0\u00bblight\u00a0\u00bb]<\/p>\n<p>&nbsp;<\/p>\n<p>[\/et_pb_sidebar][\/et_pb_column][\/et_pb_section]<\/p>\n","protected":false},"excerpt":{"rendered":"<p>\u00c9valuer les politiques et proc\u00e9dures TIDiagnostiquer l\u2019\u00e9tat du pare feuR\u00e9viser la configuration des actifs critiques Avec plus de 25 ans d\u2019exp\u00e9rience dans le domaine des technologies de l\u2019information, Services-Conseils ConnecTalk compte : des auditeurs certifi\u00e9s CISA, CRISC des sp\u00e9cialistes en s\u00e9curit\u00e9 informatique une gamme d&rsquo;outils appropri\u00e9 Notre \u00e9quipe multidisciplinaire saura \u00e9valuer vos syst\u00e8mes ! \u00c9valuation [&hellip;]<\/p>\n","protected":false},"author":1,"featured_media":0,"parent":425,"menu_order":0,"comment_status":"closed","ping_status":"closed","template":"","meta":{"_et_pb_use_builder":"on","_et_pb_old_content":"","_et_gb_content_width":"","inline_featured_image":false,"footnotes":""},"class_list":["post-2531","page","type-page","status-publish","hentry"],"_links":{"self":[{"href":"https:\/\/www.connectalk.com\/fr\/wp-json\/wp\/v2\/pages\/2531","targetHints":{"allow":["GET"]}}],"collection":[{"href":"https:\/\/www.connectalk.com\/fr\/wp-json\/wp\/v2\/pages"}],"about":[{"href":"https:\/\/www.connectalk.com\/fr\/wp-json\/wp\/v2\/types\/page"}],"author":[{"embeddable":true,"href":"https:\/\/www.connectalk.com\/fr\/wp-json\/wp\/v2\/users\/1"}],"replies":[{"embeddable":true,"href":"https:\/\/www.connectalk.com\/fr\/wp-json\/wp\/v2\/comments?post=2531"}],"version-history":[{"count":24,"href":"https:\/\/www.connectalk.com\/fr\/wp-json\/wp\/v2\/pages\/2531\/revisions"}],"predecessor-version":[{"id":2584,"href":"https:\/\/www.connectalk.com\/fr\/wp-json\/wp\/v2\/pages\/2531\/revisions\/2584"}],"up":[{"embeddable":true,"href":"https:\/\/www.connectalk.com\/fr\/wp-json\/wp\/v2\/pages\/425"}],"wp:attachment":[{"href":"https:\/\/www.connectalk.com\/fr\/wp-json\/wp\/v2\/media?parent=2531"}],"curies":[{"name":"wp","href":"https:\/\/api.w.org\/{rel}","templated":true}]}}