{"id":2578,"date":"2018-02-01T00:35:01","date_gmt":"2018-02-01T05:35:01","guid":{"rendered":"\/?page_id=2578"},"modified":"2018-02-01T14:12:48","modified_gmt":"2018-02-01T19:12:48","slug":"rgpd","status":"publish","type":"page","link":"https:\/\/www.connectalk.com\/fr\/solutions\/services-professionnels\/rgpd\/","title":{"rendered":"Vers la conformit\u00e9 RGPD"},"content":{"rendered":"<p>[et_pb_section bb_built=\u00a0\u00bb1&Prime; specialty=\u00a0\u00bbon\u00a0\u00bb _builder_version=\u00a0\u00bb3.0.47&Prime;][et_pb_column type=\u00a0\u00bb3_4&Prime; specialty_columns=\u00a0\u00bb3&Prime;][et_pb_row_inner admin_label=\u00a0\u00bbRow\u00a0\u00bb _builder_version=\u00a0\u00bb3.0.47&Prime;][et_pb_column_inner type=\u00a0\u00bb4_4&Prime; saved_specialty_column_type=\u00a0\u00bb3_4&Prime;][et_pb_slider show_arrows=\u00a0\u00bboff\u00a0\u00bb show_pagination=\u00a0\u00bboff\u00a0\u00bb _builder_version=\u00a0\u00bb3.0.99&Prime; animation_direction=\u00a0\u00bbright\u00a0\u00bb custom_button=\u00a0\u00bboff\u00a0\u00bb button_icon_placement=\u00a0\u00bbright\u00a0\u00bb show_content_on_mobile=\u00a0\u00bbon\u00a0\u00bb show_cta_on_mobile=\u00a0\u00bbon\u00a0\u00bb show_image_video_mobile=\u00a0\u00bboff\u00a0\u00bb][et_pb_slide heading=\u00a0\u00bbVers la conformit\u00e9 RGPD\u00a0\u00bb use_bg_overlay=\u00a0\u00bboff\u00a0\u00bb use_text_overlay=\u00a0\u00bboff\u00a0\u00bb admin_title=\u00a0\u00bbGDPR\u00a0\u00bb _builder_version=\u00a0\u00bb3.0.99&Prime; header_font=\u00a0\u00bb|700|||||||\u00a0\u00bb header_text_align=\u00a0\u00bbcenter\u00a0\u00bb header_text_shadow_style=\u00a0\u00bbpreset2&Prime; background_image=\u00a0\u00bb\/wp-content\/uploads\/blue-data-europe-hd.jpg\u00a0\u00bb background_position=\u00a0\u00bbcenter_right\u00a0\u00bb custom_button=\u00a0\u00bboff\u00a0\u00bb button_on_hover=\u00a0\u00bbon\u00a0\u00bb use_background_color_gradient=\u00a0\u00bboff\u00a0\u00bb background_color_gradient_start=\u00a0\u00bb#2b87da\u00a0\u00bb background_color_gradient_end=\u00a0\u00bb#29c4a9&Prime; background_color_gradient_type=\u00a0\u00bblinear\u00a0\u00bb background_color_gradient_direction=\u00a0\u00bb180deg\u00a0\u00bb background_color_gradient_direction_radial=\u00a0\u00bbcenter\u00a0\u00bb background_color_gradient_start_position=\u00a0\u00bb0%\u00a0\u00bb background_color_gradient_end_position=\u00a0\u00bb100%\u00a0\u00bb background_color_gradient_overlays_image=\u00a0\u00bboff\u00a0\u00bb parallax=\u00a0\u00bboff\u00a0\u00bb parallax_method=\u00a0\u00bbon\u00a0\u00bb background_size=\u00a0\u00bbcover\u00a0\u00bb background_repeat=\u00a0\u00bbno-repeat\u00a0\u00bb background_blend=\u00a0\u00bbnormal\u00a0\u00bb allow_player_pause=\u00a0\u00bboff\u00a0\u00bb background_video_pause_outside_viewport=\u00a0\u00bbon\u00a0\u00bb text_border_radius=\u00a0\u00bb3&Prime; alignment=\u00a0\u00bbcenter\u00a0\u00bb child_filter_hue_rotate=\u00a0\u00bb0deg\u00a0\u00bb child_filter_saturate=\u00a0\u00bb100%\u00a0\u00bb child_filter_brightness=\u00a0\u00bb100%\u00a0\u00bb child_filter_contrast=\u00a0\u00bb100%\u00a0\u00bb child_filter_invert=\u00a0\u00bb0%\u00a0\u00bb child_filter_sepia=\u00a0\u00bb0%\u00a0\u00bb child_filter_opacity=\u00a0\u00bb100%\u00a0\u00bb child_filter_blur=\u00a0\u00bb0px\u00a0\u00bb child_mix_blend_mode=\u00a0\u00bbnormal\u00a0\u00bb background_layout=\u00a0\u00bbdark\u00a0\u00bb text_shadow_style=\u00a0\u00bbnone\u00a0\u00bb header_text_shadow_horizontal_length=\u00a0\u00bb0.08em\u00a0\u00bb header_text_shadow_vertical_length=\u00a0\u00bb0.08em\u00a0\u00bb header_text_shadow_blur_strength=\u00a0\u00bb0.08em\u00a0\u00bb body_text_shadow_style=\u00a0\u00bbnone\u00a0\u00bb button_bg_use_color_gradient=\u00a0\u00bboff\u00a0\u00bb button_bg_color_gradient_overlays_image=\u00a0\u00bboff\u00a0\u00bb button_use_icon=\u00a0\u00bbon\u00a0\u00bb button_text_shadow_style=\u00a0\u00bbnone\u00a0\u00bb box_shadow_style_button=\u00a0\u00bbnone\u00a0\u00bb \/][\/et_pb_slider][\/et_pb_column_inner][\/et_pb_row_inner][et_pb_row_inner admin_label=\u00a0\u00bbRow\u00a0\u00bb _builder_version=\u00a0\u00bb3.0.47&Prime;][et_pb_column_inner type=\u00a0\u00bb1_2&Prime; saved_specialty_column_type=\u00a0\u00bb3_4&Prime;][et_pb_text _builder_version=\u00a0\u00bb3.0.99&Prime;]<\/p>\n<h1 id=\"firstHeading\" class=\"firstHeading\" lang=\"fr\">R\u00e8glement g\u00e9n\u00e9ral sur la protection des donn\u00e9es<\/h1>\n<p>&nbsp;<\/p>\n<p>D\u00e8s le 25 mai 2018, quelle qu\u2019en soit sa taille ou sa provenance, toute organisation qui contr\u00f4le et\/ou traite de l\u2019information personnelle permettant d\u2019identifi\u00e9e d\u2019un citoyen europ\u00e9en (PII), est assujetti \u00e0 la r\u00e9glementation RGPD (en anglais : GDPR &#8211; General Data Protection Regulation).<\/p>\n<p>[\/et_pb_text][et_pb_image src=\u00a0\u00bb\/wp-content\/uploads\/GDPR5-transparent-800.png\u00a0\u00bb align=\u00a0\u00bbcenter\u00a0\u00bb _builder_version=\u00a0\u00bb3.0.99&Prime; background_color=\u00a0\u00bb#1f3e69&Prime; border_radii=\u00a0\u00bbon|0px|0px|0px|0px\u00a0\u00bb custom_padding=\u00a0\u00bb10px|10px|10px|10px\u00a0\u00bb animation_style=\u00a0\u00bbfade\u00a0\u00bb]<\/p>\n<p>&nbsp;<\/p>\n<p>[\/et_pb_image][et_pb_text _builder_version=\u00a0\u00bb3.0.99&Prime;]<\/p>\n<p>La donn\u00e9e est un actif organisationnel devenue critique, sa protection un imp\u00e9ratif absolu tout au long de son cycle de vie. L\u2019usage des donn\u00e9es personnelles doit \u00eatre transparent et limit\u00e9. Pour l\u2019entreprise, l\u2019enjeu et le d\u00e9fi \u00e9conomique sont de concilier la protection des donn\u00e9es personnelles en maintenant la confiance des parties prenantes tout en d\u00e9veloppement les activit\u00e9s commerciales.<\/p>\n<p>La conformit\u00e9 \u00e0 la r\u00e8glementation RGPD permettra aux entreprises d\u2019atteindre ces objectifs.<\/p>\n<p>[\/et_pb_text][\/et_pb_column_inner][et_pb_column_inner type=\u00a0\u00bb1_2&Prime; saved_specialty_column_type=\u00a0\u00bb3_4&Prime;][et_pb_text _builder_version=\u00a0\u00bb3.0.99&Prime; border_radii=\u00a0\u00bbon|8px|8px|8px|8px\u00a0\u00bb border_width_all=\u00a0\u00bb3px\u00a0\u00bb border_color_all=\u00a0\u00bb#1b3253&Prime; custom_padding=\u00a0\u00bb20px|20px|20px|20px\u00a0\u00bb use_background_color_gradient=\u00a0\u00bbon\u00a0\u00bb background_color_gradient_start=\u00a0\u00bb#e8edff\u00a0\u00bb background_color_gradient_end=\u00a0\u00bb#f2f5ff\u00a0\u00bb]<\/p>\n<p><strong>L&rsquo;organisation doit donc pouvoir d\u00e9montrer<\/strong><\/p>\n<ul>\n<li>qu\u2019elle en a obtenu le consentent explicite,<\/li>\n<li>que l\u2019information est trait\u00e9e et conserv\u00e9e (acc\u00e8s limit\u00e9e et privil\u00e9gi\u00e9e) de fa\u00e7on s\u00e9curitaire (Privacy by design &amp; Privacy by default)<\/li>\n<li>que l\u2019individu aura le droit d\u2019exiger que ses renseignements personnels soient d\u00e9truits (right to be forgotten) ou transf\u00e9r\u00e9s de fa\u00e7on s\u00e9curitaire (portabilit\u00e9)<\/li>\n<li>la notification de toute atteinte \u00e0 la s\u00e9curit\u00e9 des renseignements personnels doit \u00eatre rapport\u00e9 dans un d\u00e9lai de 72 heures, \u00e0 d\u00e9faut de quoi l\u2019organisation est passible d\u2019amendes \u00e9quivalent \u00e0 4% de chiffre d\u2019affaire de l\u2019entreprise<\/li>\n<li>qu\u2019elle effectue r\u00e9guli\u00e8rement une analyse d\u2019impact (DPIA) qui d\u00e9montre que les syst\u00e8mes en place assure le niveau protection requis<\/li>\n<\/ul>\n<p><strong>L&rsquo;organisation d\u00e9signera un d\u00e9l\u00e9gu\u00e9<\/strong> \u00e0 la protection des donn\u00e9es (DPO \u2013 Data Protection Officer) qui sera tenu responsable et devra promouvoir une culture de protection des donn\u00e9es dans les processus internes de l\u2019entreprise.<\/p>\n<p>[\/et_pb_text][\/et_pb_column_inner][\/et_pb_row_inner][et_pb_row_inner admin_label=\u00a0\u00bbRow\u00a0\u00bb _builder_version=\u00a0\u00bb3.0.99&Prime; custom_margin=\u00a0\u00bb||0px|\u00a0\u00bb custom_padding=\u00a0\u00bb||0px|\u00a0\u00bb][et_pb_column_inner type=\u00a0\u00bb4_4&Prime; saved_specialty_column_type=\u00a0\u00bb3_4&Prime;][et_pb_image _builder_version=\u00a0\u00bb3.0.99&Prime; src=\u00a0\u00bb\/wp-content\/uploads\/swish-fade-wide.png\u00a0\u00bb show_in_lightbox=\u00a0\u00bboff\u00a0\u00bb url_new_window=\u00a0\u00bboff\u00a0\u00bb use_overlay=\u00a0\u00bboff\u00a0\u00bb always_center_on_mobile=\u00a0\u00bbon\u00a0\u00bb force_fullwidth=\u00a0\u00bboff\u00a0\u00bb show_bottom_space=\u00a0\u00bbon\u00a0\u00bb \/][et_pb_text _builder_version=\u00a0\u00bb3.0.99&Prime; background_layout=\u00a0\u00bblight\u00a0\u00bb]<\/p>\n<h2>L&rsquo;\u00e9quipe Services-Conseils ConnecTalk<\/h2>\n<p>[\/et_pb_text][\/et_pb_column_inner][\/et_pb_row_inner][et_pb_row_inner admin_label=\u00a0\u00bbRow\u00a0\u00bb][et_pb_column_inner type=\u00a0\u00bb1_2&Prime; saved_specialty_column_type=\u00a0\u00bb3_4&Prime;][et_pb_text _builder_version=\u00a0\u00bb3.0.99&Prime; background_layout=\u00a0\u00bblight\u00a0\u00bb]<\/p>\n<ul>\n<li><strong>Notre m\u00e9thodologie:<\/strong>\n<ul>\n<li>Analyse d\u2019\u00e9cart (via DPIA)\n<ul>\n<li>Gouvernance, risques, vuln\u00e9rabilit\u00e9s, politiques et proc\u00e9dures<\/li>\n<\/ul>\n<\/li>\n<li>Analyse des r\u00e9sultats<\/li>\n<li>Recommandations\n<ul>\n<li>Gouvernance, politiques, proc\u00e9dures, infrastructure et cyber s\u00e9curit\u00e9 TI et plateformes applicatives<\/li>\n<\/ul>\n<\/li>\n<li>Aide et accompagnement pour la mise en place des recommandations<\/li>\n<\/ul>\n<\/li>\n<li><strong>ISACA<\/strong> (Information Systems Audit and Control Association)\n<ul>\n<li>R\u00e9f\u00e9rentiel: COBIT\u00ae 5<\/li>\n<\/ul>\n<\/li>\n<li><strong>Standards<\/strong>\n<ul>\n<li>NIST (National Institute of Standards and Technology)<\/li>\n<li>CIS (Center for Internet Security)<\/li>\n<\/ul>\n<\/li>\n<li><strong>Outils technologiques<\/strong>\n<ul>\n<li>Surveillance, analyse et journalisation<\/li>\n<\/ul>\n<\/li>\n<\/ul>\n<p>[\/et_pb_text][\/et_pb_column_inner][et_pb_column_inner type=\u00a0\u00bb1_2&Prime; saved_specialty_column_type=\u00a0\u00bb3_4&Prime;][et_pb_image _builder_version=\u00a0\u00bb3.0.99&Prime; src=\u00a0\u00bb\/wp-content\/uploads\/GDPR-logo-800.jpg\u00a0\u00bb show_in_lightbox=\u00a0\u00bboff\u00a0\u00bb url_new_window=\u00a0\u00bboff\u00a0\u00bb use_overlay=\u00a0\u00bboff\u00a0\u00bb always_center_on_mobile=\u00a0\u00bbon\u00a0\u00bb force_fullwidth=\u00a0\u00bboff\u00a0\u00bb show_bottom_space=\u00a0\u00bbon\u00a0\u00bb \/][et_pb_countdown_timer _builder_version=\u00a0\u00bb3.0.99&Prime; title=\u00a0\u00bbEntr\u00e9e en vigueur\u00a0\u00bb date_time=\u00a0\u00bb2018-05-25 00:00&Prime; use_background_color=\u00a0\u00bboff\u00a0\u00bb background_layout=\u00a0\u00bblight\u00a0\u00bb header_font=\u00a0\u00bb|700|||||||\u00a0\u00bb header_text_shadow_vertical_length=\u00a0\u00bb0.1em\u00a0\u00bb header_text_shadow_blur_strength=\u00a0\u00bb0.1em\u00a0\u00bb \/][et_pb_text _builder_version=\u00a0\u00bb3.0.99&Prime; background_layout=\u00a0\u00bblight\u00a0\u00bb]<\/p>\n<h3>Plus d&rsquo;information<\/h3>\n<p><i class=\"fa fa-file-text\"><\/i>\u00a0<a href=\"http:\/\/eur-lex.europa.eu\/legal-content\/FR\/TXT\/?uri=CELEX:32016R0679\">EUR-Lex : R\u00c8GLEMENT (UE) 2016\/679<\/a><\/p>\n<p><i class=\"fa fa-file-text\"><\/i>\u00a0<a href=\"https:\/\/fr.wikipedia.org\/wiki\/R%C3%A8glement_g%C3%A9n%C3%A9ral_sur_la_protection_des_donn%C3%A9es\">Wikip\u00e9dia : R\u00e9glement g\u00e9n\u00e9ral sur la protection des donn\u00e9es<\/a><\/p>\n<p>&nbsp;<\/p>\n<p>[\/et_pb_text][\/et_pb_column_inner][\/et_pb_row_inner][\/et_pb_column][et_pb_column type=\u00a0\u00bb1_4&Prime;][et_pb_sidebar orientation=\u00a0\u00bbright\u00a0\u00bb area=\u00a0\u00bbsidebar-1&Prime; _builder_version=\u00a0\u00bb3.0.99&Prime;]<\/p>\n<p>&nbsp;<\/p>\n<p>[\/et_pb_sidebar][\/et_pb_column][\/et_pb_section]<\/p>\n","protected":false},"excerpt":{"rendered":"<p>R\u00e8glement g\u00e9n\u00e9ral sur la protection des donn\u00e9es &nbsp; D\u00e8s le 25 mai 2018, quelle qu\u2019en soit sa taille ou sa provenance, toute organisation qui contr\u00f4le et\/ou traite de l\u2019information personnelle permettant d\u2019identifi\u00e9e d\u2019un citoyen europ\u00e9en (PII), est assujetti \u00e0 la r\u00e9glementation RGPD (en anglais : GDPR &#8211; General Data Protection Regulation). &nbsp; La donn\u00e9e est [&hellip;]<\/p>\n","protected":false},"author":1,"featured_media":0,"parent":425,"menu_order":0,"comment_status":"closed","ping_status":"closed","template":"","meta":{"_et_pb_use_builder":"on","_et_pb_old_content":"","_et_gb_content_width":"","inline_featured_image":false,"footnotes":""},"class_list":["post-2578","page","type-page","status-publish","hentry"],"_links":{"self":[{"href":"https:\/\/www.connectalk.com\/fr\/wp-json\/wp\/v2\/pages\/2578","targetHints":{"allow":["GET"]}}],"collection":[{"href":"https:\/\/www.connectalk.com\/fr\/wp-json\/wp\/v2\/pages"}],"about":[{"href":"https:\/\/www.connectalk.com\/fr\/wp-json\/wp\/v2\/types\/page"}],"author":[{"embeddable":true,"href":"https:\/\/www.connectalk.com\/fr\/wp-json\/wp\/v2\/users\/1"}],"replies":[{"embeddable":true,"href":"https:\/\/www.connectalk.com\/fr\/wp-json\/wp\/v2\/comments?post=2578"}],"version-history":[{"count":13,"href":"https:\/\/www.connectalk.com\/fr\/wp-json\/wp\/v2\/pages\/2578\/revisions"}],"predecessor-version":[{"id":2596,"href":"https:\/\/www.connectalk.com\/fr\/wp-json\/wp\/v2\/pages\/2578\/revisions\/2596"}],"up":[{"embeddable":true,"href":"https:\/\/www.connectalk.com\/fr\/wp-json\/wp\/v2\/pages\/425"}],"wp:attachment":[{"href":"https:\/\/www.connectalk.com\/fr\/wp-json\/wp\/v2\/media?parent=2578"}],"curies":[{"name":"wp","href":"https:\/\/api.w.org\/{rel}","templated":true}]}}