{"id":2699,"date":"2015-01-31T05:05:59","date_gmt":"2015-01-31T05:05:59","guid":{"rendered":"\/entreprise\/customers\/"},"modified":"2018-04-26T15:42:09","modified_gmt":"2018-04-26T19:42:09","slug":"clients","status":"publish","type":"page","link":"https:\/\/www.connectalk.com\/fr\/entreprise\/clients\/","title":{"rendered":"Clients"},"content":{"rendered":"<p>[et_pb_section bb_built=\u00a0\u00bb1&Prime; admin_label=\u00a0\u00bbsection\u00a0\u00bb fullwidth=\u00a0\u00bbon\u00a0\u00bb _builder_version=\u00a0\u00bb3.0.47&Prime; background_color=\u00a0\u00bb#ffffff\u00a0\u00bb background_image=\u00a0\u00bb\/wp-content\/uploads\/geometic-bg-blue.jpg\u00a0\u00bb transparent_background=\u00a0\u00bboff\u00a0\u00bb next_background_color=\u00a0\u00bb#ffffff\u00a0\u00bb][et_pb_fullwidth_slider show_arrows=\u00a0\u00bboff\u00a0\u00bb show_pagination=\u00a0\u00bboff\u00a0\u00bb module_id=\u00a0\u00bbshort-slider\u00a0\u00bb _builder_version=\u00a0\u00bb3.1.1&Prime; box_shadow_blur=\u00a0\u00bb10px\u00a0\u00bb box_shadow_color=\u00a0\u00bbrgba(0,0,0,0.1)\u00a0\u00bb custom_padding=\u00a0\u00bb|||\u00a0\u00bb][et_pb_slide heading=\u00a0\u00bbClients\u00a0\u00bb image=\u00a0\u00bb\/wp-content\/uploads\/icon-blogger.png\u00a0\u00bb _builder_version=\u00a0\u00bb3.1.1&Prime; background_image=\u00a0\u00bb\/wp-content\/uploads\/1385002_60124554b.jpg\u00a0\u00bb background_layout=\u00a0\u00bblight\u00a0\u00bb button_link=\u00a0\u00bb#\u00a0\u00bb background_color=\u00a0\u00bb#ffffff\u00a0\u00bb use_background_color_gradient=\u00a0\u00bboff\u00a0\u00bb background_color_gradient_start=\u00a0\u00bb#2b87da\u00a0\u00bb background_color_gradient_end=\u00a0\u00bb#29c4a9&Prime; background_color_gradient_type=\u00a0\u00bblinear\u00a0\u00bb background_color_gradient_direction=\u00a0\u00bb180deg\u00a0\u00bb background_color_gradient_direction_radial=\u00a0\u00bbcenter\u00a0\u00bb background_color_gradient_start_position=\u00a0\u00bb0%\u00a0\u00bb background_color_gradient_end_position=\u00a0\u00bb100%\u00a0\u00bb background_color_gradient_overlays_image=\u00a0\u00bboff\u00a0\u00bb parallax=\u00a0\u00bboff\u00a0\u00bb parallax_method=\u00a0\u00bbon\u00a0\u00bb background_size=\u00a0\u00bbcover\u00a0\u00bb background_position=\u00a0\u00bbcenter\u00a0\u00bb background_repeat=\u00a0\u00bbno-repeat\u00a0\u00bb background_blend=\u00a0\u00bbnormal\u00a0\u00bb allow_player_pause=\u00a0\u00bboff\u00a0\u00bb background_video_pause_outside_viewport=\u00a0\u00bbon\u00a0\u00bb use_bg_overlay=\u00a0\u00bboff\u00a0\u00bb use_text_overlay=\u00a0\u00bboff\u00a0\u00bb text_border_radius=\u00a0\u00bb3&Prime; alignment=\u00a0\u00bbcenter\u00a0\u00bb child_filter_hue_rotate=\u00a0\u00bb0deg\u00a0\u00bb child_filter_saturate=\u00a0\u00bb100%\u00a0\u00bb child_filter_brightness=\u00a0\u00bb100%\u00a0\u00bb child_filter_contrast=\u00a0\u00bb100%\u00a0\u00bb child_filter_invert=\u00a0\u00bb0%\u00a0\u00bb child_filter_sepia=\u00a0\u00bb0%\u00a0\u00bb child_filter_opacity=\u00a0\u00bb100%\u00a0\u00bb child_filter_blur=\u00a0\u00bb0px\u00a0\u00bb child_mix_blend_mode=\u00a0\u00bbnormal\u00a0\u00bb text_shadow_style=\u00a0\u00bbnone\u00a0\u00bb header_text_shadow_style=\u00a0\u00bbnone\u00a0\u00bb body_text_shadow_style=\u00a0\u00bbnone\u00a0\u00bb custom_button=\u00a0\u00bboff\u00a0\u00bb button_bg_use_color_gradient=\u00a0\u00bboff\u00a0\u00bb button_bg_color_gradient_overlays_image=\u00a0\u00bboff\u00a0\u00bb button_use_icon=\u00a0\u00bbon\u00a0\u00bb button_on_hover=\u00a0\u00bbon\u00a0\u00bb button_text_shadow_style=\u00a0\u00bbnone\u00a0\u00bb box_shadow_style_button=\u00a0\u00bbnone\u00a0\u00bb]<\/p>\n<p>Presque sans exception, nos clients sont des leaders dans leurs domaines respectifs.<\/p>\n<p>[\/et_pb_slide][\/et_pb_fullwidth_slider][\/et_pb_section][et_pb_section bb_built=\u00a0\u00bb1&Prime; admin_label=\u00a0\u00bbsection\u00a0\u00bb specialty=\u00a0\u00bbon\u00a0\u00bb _builder_version=\u00a0\u00bb3.0.47&Prime; prev_background_color=\u00a0\u00bb#000000&Prime;][et_pb_column type=\u00a0\u00bb3_4&Prime; specialty_columns=\u00a0\u00bb3&Prime;][et_pb_row_inner _builder_version=\u00a0\u00bb3.0.47&Prime;][et_pb_column_inner type=\u00a0\u00bb4_4&Prime; saved_specialty_column_type=\u00a0\u00bb3_4&Prime;][et_pb_text admin_label=\u00a0\u00bbRetail\u00a0\u00bb _builder_version=\u00a0\u00bb3.1.1&Prime; background_size=\u00a0\u00bbinitial\u00a0\u00bb background_position=\u00a0\u00bbtop_left\u00a0\u00bb background_repeat=\u00a0\u00bbrepeat\u00a0\u00bb use_border_color=\u00a0\u00bboff\u00a0\u00bb]<\/p>\n<h1><i class=\"fa mr fa-shopping-cart\"><\/i>Vente au d\u00e9tail<\/h1>\n<p>[\/et_pb_text][et_pb_gallery admin_label=\u00a0\u00bbRetail Gallery\u00a0\u00bb _builder_version=\u00a0\u00bb3.1.1&Prime; gallery_ids=\u00a0\u00bb309,1246,2720,2684,317,316,1243,1234,320,311,312,313,314,318,319,2682&Prime; posts_number=\u00a0\u00bb100&Prime; show_title_and_caption=\u00a0\u00bboff\u00a0\u00bb show_pagination=\u00a0\u00bboff\u00a0\u00bb db_image_max_width_tablet=\u00a0\u00bb51&Prime; db_image_max_height_tablet=\u00a0\u00bb501&Prime; db_image_row_spacing_tablet=\u00a0\u00bb51&Prime; db_image_object_fit=\u00a0\u00bbinitial\u00a0\u00bb zoom_icon_color=\u00a0\u00bb#0b5499&Prime; hover_overlay_color=\u00a0\u00bbrgba(255,255,255,0.9)\u00a0\u00bb db_image_center_titles=\u00a0\u00bbleft\u00a0\u00bb db_images_per_row=\u00a0\u00bb4&Prime; module_class=\u00a0\u00bbgrayscale disable-lightbox\u00a0\u00bb \/][\/et_pb_column_inner][\/et_pb_row_inner][et_pb_row_inner _builder_version=\u00a0\u00bb3.0.47&Prime;][et_pb_column_inner type=\u00a0\u00bb4_4&Prime; saved_specialty_column_type=\u00a0\u00bb3_4&Prime;][et_pb_text admin_label=\u00a0\u00bbManufacturing\u00a0\u00bb _builder_version=\u00a0\u00bb3.1.1&Prime; background_size=\u00a0\u00bbinitial\u00a0\u00bb background_position=\u00a0\u00bbtop_left\u00a0\u00bb background_repeat=\u00a0\u00bbrepeat\u00a0\u00bb use_border_color=\u00a0\u00bboff\u00a0\u00bb]<\/p>\n<h1><i class=\"fa mr fa-gear\"><\/i>Manufacturier<\/h1>\n<p>[\/et_pb_text][et_pb_gallery admin_label=\u00a0\u00bbManufacturing Gallery\u00a0\u00bb _builder_version=\u00a0\u00bb3.1.1&Prime; gallery_ids=\u00a0\u00bb322,323,324,368,2686,328,329,1230,1239,2054,2676,2678,2685,2677,2704,2723&Prime; posts_number=\u00a0\u00bb100&Prime; db_images_per_row=\u00a0\u00bb4&Prime; db_image_max_width_tablet=\u00a0\u00bb51&Prime; db_image_max_height_tablet=\u00a0\u00bb501&Prime; db_image_row_spacing_tablet=\u00a0\u00bb51&Prime; db_image_object_fit=\u00a0\u00bbinitial\u00a0\u00bb zoom_icon_color=\u00a0\u00bb#0b5499&Prime; hover_overlay_color=\u00a0\u00bbrgba(255,255,255,0.9)\u00a0\u00bb db_image_center_titles=\u00a0\u00bbleft\u00a0\u00bb module_class=\u00a0\u00bbgrayscale disable-lightbox\u00a0\u00bb show_title_and_caption=\u00a0\u00bboff\u00a0\u00bb show_pagination=\u00a0\u00bboff\u00a0\u00bb \/][\/et_pb_column_inner][\/et_pb_row_inner][et_pb_row_inner _builder_version=\u00a0\u00bb3.0.47&Prime;][et_pb_column_inner type=\u00a0\u00bb4_4&Prime; saved_specialty_column_type=\u00a0\u00bb3_4&Prime;][et_pb_text admin_label=\u00a0\u00bbHealthcare\u00a0\u00bb _builder_version=\u00a0\u00bb3.1.1&Prime; background_size=\u00a0\u00bbinitial\u00a0\u00bb background_position=\u00a0\u00bbtop_left\u00a0\u00bb background_repeat=\u00a0\u00bbrepeat\u00a0\u00bb use_border_color=\u00a0\u00bboff\u00a0\u00bb]<\/p>\n<h1><i class=\"fa mr fa-heartbeat\"><\/i>Sant\u00e9<\/h1>\n<p>[\/et_pb_text][et_pb_gallery admin_label=\u00a0\u00bbHealthcare Gallery\u00a0\u00bb _builder_version=\u00a0\u00bb3.1.1&Prime; gallery_ids=\u00a0\u00bb1240,2737,335,2687,2692,334,333&Prime; posts_number=\u00a0\u00bb100&Prime; show_title_and_caption=\u00a0\u00bboff\u00a0\u00bb show_pagination=\u00a0\u00bboff\u00a0\u00bb db_images_per_row=\u00a0\u00bb4&Prime; db_image_max_width_tablet=\u00a0\u00bb51&Prime; db_image_max_height_tablet=\u00a0\u00bb501&Prime; db_image_row_spacing_tablet=\u00a0\u00bb51&Prime; db_image_object_fit=\u00a0\u00bbinitial\u00a0\u00bb zoom_icon_color=\u00a0\u00bb#0b5499&Prime; hover_overlay_color=\u00a0\u00bbrgba(255,255,255,0.9)\u00a0\u00bb db_image_center_titles=\u00a0\u00bbleft\u00a0\u00bb module_class=\u00a0\u00bbgrayscale disable-lightbox\u00a0\u00bb \/][\/et_pb_column_inner][\/et_pb_row_inner][et_pb_row_inner _builder_version=\u00a0\u00bb3.0.47&Prime;][et_pb_column_inner type=\u00a0\u00bb4_4&Prime; saved_specialty_column_type=\u00a0\u00bb3_4&Prime;][et_pb_text admin_label=\u00a0\u00bbTransport Logistics\u00a0\u00bb _builder_version=\u00a0\u00bb3.1.1&Prime; background_size=\u00a0\u00bbinitial\u00a0\u00bb background_position=\u00a0\u00bbtop_left\u00a0\u00bb background_repeat=\u00a0\u00bbrepeat\u00a0\u00bb use_border_color=\u00a0\u00bboff\u00a0\u00bb]<\/p>\n<h1><i class=\"fa mr fa-truck\"><\/i>Transports et logistiques<\/h1>\n<p>[\/et_pb_text][et_pb_gallery admin_label=\u00a0\u00bbTransport Gallery\u00a0\u00bb _builder_version=\u00a0\u00bb3.1.1&Prime; gallery_ids=\u00a0\u00bb2702,338,341,342,340,339&Prime; posts_number=\u00a0\u00bb100&Prime; show_title_and_caption=\u00a0\u00bboff\u00a0\u00bb show_pagination=\u00a0\u00bboff\u00a0\u00bb db_images_per_row=\u00a0\u00bb4&Prime; db_image_max_width_tablet=\u00a0\u00bb51&Prime; db_image_max_height_tablet=\u00a0\u00bb501&Prime; db_image_row_spacing_tablet=\u00a0\u00bb51&Prime; db_image_object_fit=\u00a0\u00bbinitial\u00a0\u00bb zoom_icon_color=\u00a0\u00bb#0b5499&Prime; hover_overlay_color=\u00a0\u00bbrgba(255,255,255,0.9)\u00a0\u00bb db_image_center_titles=\u00a0\u00bbleft\u00a0\u00bb module_class=\u00a0\u00bbgrayscale disable-lightbox\u00a0\u00bb \/][\/et_pb_column_inner][\/et_pb_row_inner][et_pb_row_inner _builder_version=\u00a0\u00bb3.0.47&Prime;][et_pb_column_inner type=\u00a0\u00bb4_4&Prime; saved_specialty_column_type=\u00a0\u00bb3_4&Prime;][et_pb_text admin_label=\u00a0\u00bbGovernment\u00a0\u00bb _builder_version=\u00a0\u00bb3.1.1&Prime; background_size=\u00a0\u00bbinitial\u00a0\u00bb background_position=\u00a0\u00bbtop_left\u00a0\u00bb background_repeat=\u00a0\u00bbrepeat\u00a0\u00bb use_border_color=\u00a0\u00bboff\u00a0\u00bb]<\/p>\n<h1><i class=\"fa mr fa-building-o\"><\/i>Gouvernement<\/h1>\n<p>[\/et_pb_text][et_pb_gallery admin_label=\u00a0\u00bbGovernment Gallery\u00a0\u00bb _builder_version=\u00a0\u00bb3.1.1&Prime; gallery_ids=\u00a0\u00bb349,350,347,345,351,346,1238&Prime; posts_number=\u00a0\u00bb100&Prime; show_title_and_caption=\u00a0\u00bboff\u00a0\u00bb show_pagination=\u00a0\u00bboff\u00a0\u00bb db_images_per_row=\u00a0\u00bb4&Prime; db_image_max_width_tablet=\u00a0\u00bb51&Prime; db_image_max_height_tablet=\u00a0\u00bb501&Prime; db_image_row_spacing_tablet=\u00a0\u00bb51&Prime; db_image_object_fit=\u00a0\u00bbinitial\u00a0\u00bb zoom_icon_color=\u00a0\u00bb#0b5499&Prime; hover_overlay_color=\u00a0\u00bbrgba(255,255,255,0.9)\u00a0\u00bb db_image_center_titles=\u00a0\u00bbleft\u00a0\u00bb module_class=\u00a0\u00bbgrayscale disable-lightbox\u00a0\u00bb \/][\/et_pb_column_inner][\/et_pb_row_inner][et_pb_row_inner _builder_version=\u00a0\u00bb3.0.47&Prime;][et_pb_column_inner type=\u00a0\u00bb4_4&Prime; saved_specialty_column_type=\u00a0\u00bb3_4&Prime;][et_pb_text admin_label=\u00a0\u00bbServices\u00a0\u00bb _builder_version=\u00a0\u00bb3.0.47&Prime; background_size=\u00a0\u00bbinitial\u00a0\u00bb background_position=\u00a0\u00bbtop_left\u00a0\u00bb background_repeat=\u00a0\u00bbrepeat\u00a0\u00bb use_border_color=\u00a0\u00bboff\u00a0\u00bb border_color=\u00a0\u00bb#ffffff\u00a0\u00bb border_style=\u00a0\u00bbsolid\u00a0\u00bb]<\/p>\n<h1><i class=\"fa mr fa-user\"><\/i>Services<\/h1>\n<p>[\/et_pb_text][et_pb_gallery admin_label=\u00a0\u00bbServices Gallery\u00a0\u00bb _builder_version=\u00a0\u00bb3.1.1&Prime; gallery_ids=\u00a0\u00bb364,2679,362,363,356,361,360,359,358,357,355,2127,2711&Prime; posts_number=\u00a0\u00bb100&Prime; show_title_and_caption=\u00a0\u00bboff\u00a0\u00bb show_pagination=\u00a0\u00bboff\u00a0\u00bb db_images_per_row=\u00a0\u00bb4&Prime; db_image_max_width_tablet=\u00a0\u00bb51&Prime; db_image_max_height_tablet=\u00a0\u00bb501&Prime; db_image_row_spacing_tablet=\u00a0\u00bb51&Prime; db_image_object_fit=\u00a0\u00bbinitial\u00a0\u00bb zoom_icon_color=\u00a0\u00bb#0b5499&Prime; hover_overlay_color=\u00a0\u00bbrgba(255,255,255,0.9)\u00a0\u00bb db_image_center_titles=\u00a0\u00bbleft\u00a0\u00bb module_class=\u00a0\u00bbgrayscale disable-lightbox\u00a0\u00bb \/][\/et_pb_column_inner][\/et_pb_row_inner][et_pb_row_inner _builder_version=\u00a0\u00bb3.1.1&Prime;][et_pb_column_inner type=\u00a0\u00bb4_4&Prime; saved_specialty_column_type=\u00a0\u00bb3_4&Prime;][et_pb_text admin_label=\u00a0\u00bbHospitality\u00a0\u00bb _builder_version=\u00a0\u00bb3.1.1&Prime; background_size=\u00a0\u00bbinitial\u00a0\u00bb background_position=\u00a0\u00bbtop_left\u00a0\u00bb background_repeat=\u00a0\u00bbrepeat\u00a0\u00bb use_border_color=\u00a0\u00bboff\u00a0\u00bb]<\/p>\n<h1><i class=\"fa mr fa-suitcase\"><\/i>Hospitalit\u00e9<\/h1>\n<p>[\/et_pb_text][et_pb_gallery admin_label=\u00a0\u00bbHospitality Gallery\u00a0\u00bb _builder_version=\u00a0\u00bb3.1.1&Prime; gallery_ids=\u00a0\u00bb365,366&Prime; show_title_and_caption=\u00a0\u00bboff\u00a0\u00bb show_pagination=\u00a0\u00bboff\u00a0\u00bb db_images_per_row=\u00a0\u00bb4&Prime; db_image_max_width_tablet=\u00a0\u00bb51&Prime; db_image_max_height_tablet=\u00a0\u00bb501&Prime; db_image_row_spacing_tablet=\u00a0\u00bb51&Prime; db_image_object_fit=\u00a0\u00bbinitial\u00a0\u00bb zoom_icon_color=\u00a0\u00bb#0b5499&Prime; hover_overlay_color=\u00a0\u00bbrgba(255,255,255,0.9)\u00a0\u00bb db_image_center_titles=\u00a0\u00bbleft\u00a0\u00bb module_class=\u00a0\u00bbgrayscale disable-lightbox\u00a0\u00bb \/][\/et_pb_column_inner][\/et_pb_row_inner][\/et_pb_column][et_pb_column type=\u00a0\u00bb1_4&Prime;][et_pb_sidebar orientation=\u00a0\u00bbright\u00a0\u00bb area=\u00a0\u00bbsidebar-1&Prime; _builder_version=\u00a0\u00bb3.0.47&Prime; \/][\/et_pb_column][\/et_pb_section]<\/p>\n","protected":false},"excerpt":{"rendered":"<p>Presque sans exception, nos clients sont des leaders dans leurs domaines respectifs. Vente au d\u00e9tail Manufacturier Sant\u00e9 Transports et logistiques Gouvernement Services Hospitalit\u00e9<\/p>\n","protected":false},"author":1,"featured_media":0,"parent":399,"menu_order":0,"comment_status":"open","ping_status":"open","template":"","meta":{"_et_pb_use_builder":"on","_et_pb_old_content":"","_et_gb_content_width":"","inline_featured_image":false,"footnotes":""},"class_list":["post-2699","page","type-page","status-publish","hentry"],"_links":{"self":[{"href":"https:\/\/www.connectalk.com\/fr\/wp-json\/wp\/v2\/pages\/2699","targetHints":{"allow":["GET"]}}],"collection":[{"href":"https:\/\/www.connectalk.com\/fr\/wp-json\/wp\/v2\/pages"}],"about":[{"href":"https:\/\/www.connectalk.com\/fr\/wp-json\/wp\/v2\/types\/page"}],"author":[{"embeddable":true,"href":"https:\/\/www.connectalk.com\/fr\/wp-json\/wp\/v2\/users\/1"}],"replies":[{"embeddable":true,"href":"https:\/\/www.connectalk.com\/fr\/wp-json\/wp\/v2\/comments?post=2699"}],"version-history":[{"count":16,"href":"https:\/\/www.connectalk.com\/fr\/wp-json\/wp\/v2\/pages\/2699\/revisions"}],"predecessor-version":[{"id":2757,"href":"https:\/\/www.connectalk.com\/fr\/wp-json\/wp\/v2\/pages\/2699\/revisions\/2757"}],"up":[{"embeddable":true,"href":"https:\/\/www.connectalk.com\/fr\/wp-json\/wp\/v2\/pages\/399"}],"wp:attachment":[{"href":"https:\/\/www.connectalk.com\/fr\/wp-json\/wp\/v2\/media?parent=2699"}],"curies":[{"name":"wp","href":"https:\/\/api.w.org\/{rel}","templated":true}]}}