{"id":399,"date":"2015-06-25T16:51:27","date_gmt":"2015-06-25T20:51:27","guid":{"rendered":"\/?page_id=399"},"modified":"2017-04-07T17:35:34","modified_gmt":"2017-04-07T21:35:34","slug":"entreprise","status":"publish","type":"page","link":"https:\/\/www.connectalk.com\/fr\/entreprise\/","title":{"rendered":"Entreprise"},"content":{"rendered":"<p>[et_pb_section bb_built=\u00a0\u00bb1&Prime; admin_label=\u00a0\u00bbsection\u00a0\u00bb fullwidth=\u00a0\u00bbon\u00a0\u00bb specialty=\u00a0\u00bboff\u00a0\u00bb background_image=\u00a0\u00bb\/wp-content\/uploads\/geometic-bg-blue.jpg\u00a0\u00bb transparent_background=\u00a0\u00bboff\u00a0\u00bb background_color=\u00a0\u00bb#ffffff\u00a0\u00bb inner_shadow=\u00a0\u00bboff\u00a0\u00bb parallax=\u00a0\u00bboff\u00a0\u00bb parallax_method=\u00a0\u00bboff\u00a0\u00bb][et_pb_fullwidth_slider admin_label=\u00a0\u00bbFullwidth Slider\u00a0\u00bb show_arrows=\u00a0\u00bbon\u00a0\u00bb show_pagination=\u00a0\u00bbon\u00a0\u00bb auto=\u00a0\u00bboff\u00a0\u00bb parallax=\u00a0\u00bboff\u00a0\u00bb parallax_method=\u00a0\u00bboff\u00a0\u00bb module_id=\u00a0\u00bbshort-slider\u00a0\u00bb auto_ignore_hover=\u00a0\u00bboff\u00a0\u00bb remove_inner_shadow=\u00a0\u00bboff\u00a0\u00bb background_position=\u00a0\u00bbdefault\u00a0\u00bb background_size=\u00a0\u00bbdefault\u00a0\u00bb hide_content_on_mobile=\u00a0\u00bboff\u00a0\u00bb hide_cta_on_mobile=\u00a0\u00bboff\u00a0\u00bb show_image_video_mobile=\u00a0\u00bboff\u00a0\u00bb custom_button=\u00a0\u00bboff\u00a0\u00bb button_letter_spacing=\u00a0\u00bb0&Prime; button_use_icon=\u00a0\u00bbdefault\u00a0\u00bb button_icon_placement=\u00a0\u00bbright\u00a0\u00bb button_on_hover=\u00a0\u00bbon\u00a0\u00bb button_letter_spacing_hover=\u00a0\u00bb0&Prime;] [et_pb_slide heading=\u00a0\u00bbConnecTalk\u00a0\u00bb background_image=\u00a0\u00bb\/wp-content\/uploads\/17390319_banner_1920_04.jpg?e=blur\u00a0\u00bb background_color=\u00a0\u00bb#ffffff\u00a0\u00bb image=\u00a0\u00bb\/wp-content\/uploads\/ctalk-page-circle-shadow.png\u00a0\u00bb alignment=\u00a0\u00bbcenter\u00a0\u00bb background_layout=\u00a0\u00bbdark\u00a0\u00bb background_position=\u00a0\u00bbdefault\u00a0\u00bb background_size=\u00a0\u00bbdefault\u00a0\u00bb use_bg_overlay=\u00a0\u00bboff\u00a0\u00bb use_text_overlay=\u00a0\u00bboff\u00a0\u00bb allow_player_pause=\u00a0\u00bboff\u00a0\u00bb text_border_radius=\u00a0\u00bb3&Prime; header_font_select=\u00a0\u00bbdefault\u00a0\u00bb header_font=\u00a0\u00bb|on|||\u00a0\u00bb body_font_select=\u00a0\u00bbdefault\u00a0\u00bb body_font=\u00a0\u00bb||||\u00a0\u00bb custom_button=\u00a0\u00bboff\u00a0\u00bb button_font_select=\u00a0\u00bbdefault\u00a0\u00bb button_font=\u00a0\u00bb||||\u00a0\u00bb button_use_icon=\u00a0\u00bbdefault\u00a0\u00bb button_icon_placement=\u00a0\u00bbright\u00a0\u00bb button_on_hover=\u00a0\u00bbon\u00a0\u00bb header_font_size=\u00a0\u00bb48&Prime; header_font_size_tablet=\u00a0\u00bb32&Prime; header_font_size_phone=\u00a0\u00bb32&Prime; header_font_size_last_edited=\u00a0\u00bbon|desktop\u00a0\u00bb]<\/p>\n<h4>Votre partenaire en informatique<\/h4>\n<p>[\/et_pb_slide] [\/et_pb_fullwidth_slider][\/et_pb_section][et_pb_section bb_built=\u00a0\u00bb1&Prime; admin_label=\u00a0\u00bbsection\u00a0\u00bb fullwidth=\u00a0\u00bboff\u00a0\u00bb specialty=\u00a0\u00bboff\u00a0\u00bb transparent_background=\u00a0\u00bboff\u00a0\u00bb background_color=\u00a0\u00bb#ffffff\u00a0\u00bb inner_shadow=\u00a0\u00bboff\u00a0\u00bb parallax=\u00a0\u00bboff\u00a0\u00bb parallax_method=\u00a0\u00bboff\u00a0\u00bb module_id=\u00a0\u00bbmaintext\u00a0\u00bb][et_pb_row admin_label=\u00a0\u00bbrow\u00a0\u00bb][et_pb_column type=\u00a0\u00bb3_4&Prime;][et_pb_text admin_label=\u00a0\u00bbNetworking Slider\u00a0\u00bb background_layout=\u00a0\u00bblight\u00a0\u00bb text_orientation=\u00a0\u00bbleft\u00a0\u00bb] [acx_slideshow name=\u00a0\u00bbNetworking Header\u00a0\u00bb] [\/et_pb_text][et_pb_text admin_label=\u00a0\u00bbText\u00a0\u00bb background_layout=\u00a0\u00bblight\u00a0\u00bb text_orientation=\u00a0\u00bbleft\u00a0\u00bb]<\/p>\n<h2 class=\"p1\"><span class=\"s1\">\u00c0 propos de nous<\/span><\/h2>\n<p>Fond\u00e9e en 1989, ConnecTalk est une entreprise sp\u00e9cialis\u00e9e en technologie de l\u2019information \u0153uvrant dans les domaines de la mobilit\u00e9, la communication unifi\u00e9e, l\u2019infrastructure et la s\u00e9curit\u00e9 informatique. ConnecTalk offre aussi ses produits de mobilit\u00e9 pour les industries de commerce de d\u00e9tail, de service, et de la distribution de produits alimentaires. Nous fournissons un support complet pour toutes les solutions que nous mettons en place.<\/p>\n<h2 class=\"p1\"><span class=\"s1\">Pourquoi choisir ConnecTalk ?<\/span><\/h2>\n<p>L&rsquo;\u00e9largissement des fronti\u00e8res commerciales et l&rsquo;av\u00e8nement des march\u00e9s virtuels sont d\u00e9sormais incontournables. Toute entreprise doit donc savoir profiter des nouvelles technologies afin d&rsquo;accro\u00eetre sa comp\u00e9titivit\u00e9. Parce qu&rsquo;il n&rsquo;existe pas une solution unique, nous \u00e9vitons les recettes technologiques pr\u00e9par\u00e9es \u00e0 l&rsquo;avance. Au contraire, ConnecTalk s&rsquo;applique \u00e0 conseiller, \u00e0 concevoir et \u00e0 d\u00e9velopper toutes les facettes de votre solution technologique, celle qui r\u00e9pond exactement \u00e0 vos strat\u00e9gies et \u00e0 vos besoins.<\/p>\n<p>L&rsquo;exp\u00e9rience en mati\u00e8re de s\u00e9curit\u00e9, de r\u00e9seautique et de sans fil et l&rsquo;expertise des ressources en place a servi de levier au d\u00e9veloppement de ses produits. ConnecTalk propose dor\u00e9navant des produits du domaine de la mobilit\u00e9, de la signature digitale et de la gestion de temps.<\/p>\n<p>Notre approche consiste \u00e0 \u00eatre le partenaire d&rsquo;affaires de nos clients, \u00e0 proposer des solutions et des services qui tiennent compte des besoins et orientations actuels et futurs, \u00e0 maximiser le plus possible l&rsquo;infrastructure en place tout en tenant compte des budgets \u00e9tablis.<\/p>\n<p class=\"p1\"><span class=\"s1\"><b><i>Notre objectif est de devenir non seulement les fournisseurs de TI mais de v\u00e9ritables partenaires avec nos clients.<\/i><\/b><\/span><\/p>\n<p>[\/et_pb_text][\/et_pb_column][et_pb_column type=\u00a0\u00bb1_4&Prime;][et_pb_sidebar admin_label=\u00a0\u00bbSidebar\u00a0\u00bb orientation=\u00a0\u00bbright\u00a0\u00bb area=\u00a0\u00bbsidebar-1&Prime; background_layout=\u00a0\u00bblight\u00a0\u00bb \/][\/et_pb_column][\/et_pb_row][\/et_pb_section]<\/p>\n","protected":false},"excerpt":{"rendered":"<p>Fond\u00e9e en 1989, ConnecTalk est une entreprise sp\u00e9cialis\u00e9e en technologie de l\u2019information \u0153uvrant dans les domaines de la mobilit\u00e9, la communication unifi\u00e9e, l\u2019infrastructure et la s\u00e9curit\u00e9 informatique. <\/p>\n","protected":false},"author":1,"featured_media":0,"parent":0,"menu_order":0,"comment_status":"open","ping_status":"open","template":"","meta":{"_et_pb_use_builder":"on","_et_pb_old_content":"","_et_gb_content_width":"","inline_featured_image":false,"footnotes":""},"class_list":["post-399","page","type-page","status-publish","hentry"],"_links":{"self":[{"href":"https:\/\/www.connectalk.com\/fr\/wp-json\/wp\/v2\/pages\/399","targetHints":{"allow":["GET"]}}],"collection":[{"href":"https:\/\/www.connectalk.com\/fr\/wp-json\/wp\/v2\/pages"}],"about":[{"href":"https:\/\/www.connectalk.com\/fr\/wp-json\/wp\/v2\/types\/page"}],"author":[{"embeddable":true,"href":"https:\/\/www.connectalk.com\/fr\/wp-json\/wp\/v2\/users\/1"}],"replies":[{"embeddable":true,"href":"https:\/\/www.connectalk.com\/fr\/wp-json\/wp\/v2\/comments?post=399"}],"version-history":[{"count":14,"href":"https:\/\/www.connectalk.com\/fr\/wp-json\/wp\/v2\/pages\/399\/revisions"}],"predecessor-version":[{"id":2296,"href":"https:\/\/www.connectalk.com\/fr\/wp-json\/wp\/v2\/pages\/399\/revisions\/2296"}],"wp:attachment":[{"href":"https:\/\/www.connectalk.com\/fr\/wp-json\/wp\/v2\/media?parent=399"}],"curies":[{"name":"wp","href":"https:\/\/api.w.org\/{rel}","templated":true}]}}