{"id":405,"date":"2015-01-31T05:05:43","date_gmt":"2015-01-31T05:05:43","guid":{"rendered":"\/?page_id=405"},"modified":"2016-10-25T11:05:42","modified_gmt":"2016-10-25T15:05:42","slug":"mission","status":"publish","type":"page","link":"https:\/\/www.connectalk.com\/fr\/entreprise\/mission\/","title":{"rendered":"Mission"},"content":{"rendered":"<p>[et_pb_section admin_label=\u00a0\u00bbsection\u00a0\u00bb fullwidth=\u00a0\u00bbon\u00a0\u00bb specialty=\u00a0\u00bboff\u00a0\u00bb background_image=\u00a0\u00bb\/wp-content\/uploads\/geometic-bg-blue.jpg\u00a0\u00bb transparent_background=\u00a0\u00bboff\u00a0\u00bb background_color=\u00a0\u00bb#ffffff\u00a0\u00bb inner_shadow=\u00a0\u00bboff\u00a0\u00bb parallax=\u00a0\u00bboff\u00a0\u00bb parallax_method=\u00a0\u00bboff\u00a0\u00bb][et_pb_fullwidth_slider admin_label=\u00a0\u00bbFullwidth Slider\u00a0\u00bb show_arrows=\u00a0\u00bboff\u00a0\u00bb show_pagination=\u00a0\u00bboff\u00a0\u00bb auto=\u00a0\u00bboff\u00a0\u00bb parallax=\u00a0\u00bboff\u00a0\u00bb parallax_method=\u00a0\u00bboff\u00a0\u00bb module_id=\u00a0\u00bbshort-slider\u00a0\u00bb auto_ignore_hover=\u00a0\u00bboff\u00a0\u00bb remove_inner_shadow=\u00a0\u00bboff\u00a0\u00bb background_position=\u00a0\u00bbdefault\u00a0\u00bb background_size=\u00a0\u00bbdefault\u00a0\u00bb hide_content_on_mobile=\u00a0\u00bboff\u00a0\u00bb hide_cta_on_mobile=\u00a0\u00bboff\u00a0\u00bb show_image_video_mobile=\u00a0\u00bboff\u00a0\u00bb custom_button=\u00a0\u00bboff\u00a0\u00bb button_letter_spacing=\u00a0\u00bb0&Prime; button_use_icon=\u00a0\u00bbdefault\u00a0\u00bb button_icon_placement=\u00a0\u00bbright\u00a0\u00bb button_on_hover=\u00a0\u00bbon\u00a0\u00bb button_letter_spacing_hover=\u00a0\u00bb0&Prime;]<\/p>\n<p>[et_pb_slide heading=\u00a0\u00bbMission\u00a0\u00bb background_image=\u00a0\u00bb\/wp-content\/uploads\/17390319_banner_1920_03.jpg?e=light,blur\u00a0\u00bb background_color=\u00a0\u00bb#ffffff\u00a0\u00bb image=\u00a0\u00bb\/wp-content\/uploads\/icon-mission.png\u00a0\u00bb alignment=\u00a0\u00bbcenter\u00a0\u00bb background_layout=\u00a0\u00bbdark\u00a0\u00bb background_position=\u00a0\u00bbdefault\u00a0\u00bb background_size=\u00a0\u00bbdefault\u00a0\u00bb use_bg_overlay=\u00a0\u00bboff\u00a0\u00bb use_text_overlay=\u00a0\u00bboff\u00a0\u00bb allow_player_pause=\u00a0\u00bboff\u00a0\u00bb text_border_radius=\u00a0\u00bb3&Prime; header_font_select=\u00a0\u00bbdefault\u00a0\u00bb header_font=\u00a0\u00bb||||\u00a0\u00bb body_font_select=\u00a0\u00bbdefault\u00a0\u00bb body_font=\u00a0\u00bb||||\u00a0\u00bb custom_button=\u00a0\u00bboff\u00a0\u00bb button_font_select=\u00a0\u00bbdefault\u00a0\u00bb button_font=\u00a0\u00bb||||\u00a0\u00bb button_use_icon=\u00a0\u00bbdefault\u00a0\u00bb button_icon_placement=\u00a0\u00bbright\u00a0\u00bb button_on_hover=\u00a0\u00bbon\u00a0\u00bb]<\/p>\n<p>Am\u00e9liorer votre processus d\u2019affaires.<\/p>\n<p>[\/et_pb_slide]<\/p>\n<p>[\/et_pb_fullwidth_slider][\/et_pb_section][et_pb_section admin_label=\u00a0\u00bbsection\u00a0\u00bb fullwidth=\u00a0\u00bboff\u00a0\u00bb specialty=\u00a0\u00bboff\u00a0\u00bb transparent_background=\u00a0\u00bboff\u00a0\u00bb background_color=\u00a0\u00bb#ffffff\u00a0\u00bb inner_shadow=\u00a0\u00bboff\u00a0\u00bb parallax=\u00a0\u00bboff\u00a0\u00bb parallax_method=\u00a0\u00bboff\u00a0\u00bb module_id=\u00a0\u00bbmaintext\u00a0\u00bb][et_pb_row admin_label=\u00a0\u00bbrow\u00a0\u00bb][et_pb_column type=\u00a0\u00bb3_4&Prime;][et_pb_text admin_label=\u00a0\u00bbText (phone only)\u00a0\u00bb background_layout=\u00a0\u00bblight\u00a0\u00bb text_orientation=\u00a0\u00bbleft\u00a0\u00bb disabled=\u00a0\u00bboff\u00a0\u00bb disabled_on=\u00a0\u00bb|on|on\u00a0\u00bb use_border_color=\u00a0\u00bboff\u00a0\u00bb border_color=\u00a0\u00bb#ffffff\u00a0\u00bb border_style=\u00a0\u00bbsolid\u00a0\u00bb]<\/p>\n<p>Notre mission est de vous aider \u00e0 am\u00e9liorer votre entreprise sur une base quotidienne en am\u00e9liorant le processus de d\u00e9ploiement de technologies informatiques.<\/p>\n<p>Avec l\u2019\u00e9largissement des fronti\u00e8res commerciales et l\u2019av\u00e8nement du march\u00e9 virtuel, une entreprise doit profiter des nouvelles technologies pour maintenir son positionnement strat\u00e9gique, am\u00e9liorer sa productivit\u00e9 et son efficacit\u00e9.<\/p>\n<p>Gr\u00e2ce une \u00e9quipe multidisciplinaire de sp\u00e9cialistes hautement qualifi\u00e9s et fort de nombreuses ann\u00e9es d\u2019exp\u00e9rience, ConnecTalk s\u2019assure d\u2019\u00eatre \u00e0 l\u2019aff\u00fbt des plus r\u00e9centes technologies lui permettant d\u2019offrir \u00e0 ses clients des solutions novatrices r\u00e9pondant \u00e0 leurs besoins et respectant leurs budgets<\/p>\n<p>N\u2019h\u00e9sitez pas \u00e0 nous contacter.  Nos experts sauront relever le d\u00e9fi !<\/p>\n<p>[\/et_pb_text][et_pb_slider admin_label=\u00a0\u00bbSlider\u00a0\u00bb show_arrows=\u00a0\u00bbon\u00a0\u00bb show_pagination=\u00a0\u00bbon\u00a0\u00bb auto=\u00a0\u00bbon\u00a0\u00bb auto_ignore_hover=\u00a0\u00bboff\u00a0\u00bb parallax=\u00a0\u00bboff\u00a0\u00bb parallax_method=\u00a0\u00bboff\u00a0\u00bb remove_inner_shadow=\u00a0\u00bboff\u00a0\u00bb background_position=\u00a0\u00bbdefault\u00a0\u00bb background_size=\u00a0\u00bbdefault\u00a0\u00bb hide_content_on_mobile=\u00a0\u00bboff\u00a0\u00bb hide_cta_on_mobile=\u00a0\u00bboff\u00a0\u00bb show_image_video_mobile=\u00a0\u00bboff\u00a0\u00bb custom_button=\u00a0\u00bboff\u00a0\u00bb button_letter_spacing=\u00a0\u00bb0&Prime; button_use_icon=\u00a0\u00bbdefault\u00a0\u00bb button_icon_placement=\u00a0\u00bbright\u00a0\u00bb button_on_hover=\u00a0\u00bbon\u00a0\u00bb button_letter_spacing_hover=\u00a0\u00bb0&Prime; custom_css_main_element=\u00a0\u00bbmargin-bottom: 0px !important;\u00a0\u00bb disabled=\u00a0\u00bboff\u00a0\u00bb disabled_on=\u00a0\u00bbon||\u00a0\u00bb]<\/p>\n<p>[et_pb_slide background_position=\u00a0\u00bbdefault\u00a0\u00bb background_size=\u00a0\u00bbdefault\u00a0\u00bb background_color=\u00a0\u00bb#ffffff\u00a0\u00bb use_bg_overlay=\u00a0\u00bboff\u00a0\u00bb use_text_overlay=\u00a0\u00bboff\u00a0\u00bb alignment=\u00a0\u00bbcenter\u00a0\u00bb background_layout=\u00a0\u00bblight\u00a0\u00bb allow_player_pause=\u00a0\u00bboff\u00a0\u00bb text_border_radius=\u00a0\u00bb3&Prime; header_font_select=\u00a0\u00bbdefault\u00a0\u00bb header_font=\u00a0\u00bb||||\u00a0\u00bb body_font_select=\u00a0\u00bbdefault\u00a0\u00bb body_font=\u00a0\u00bb||||\u00a0\u00bb custom_button=\u00a0\u00bboff\u00a0\u00bb button_font_select=\u00a0\u00bbdefault\u00a0\u00bb button_font=\u00a0\u00bb||||\u00a0\u00bb button_use_icon=\u00a0\u00bbdefault\u00a0\u00bb button_icon_placement=\u00a0\u00bbright\u00a0\u00bb button_on_hover=\u00a0\u00bbon\u00a0\u00bb admin_title=\u00a0\u00bbOur mission&#8230;\u00a0\u00bb image=\u00a0\u00bb\/wp-content\/uploads\/ctalk-page-circle-shadow.png\u00a0\u00bb custom_css_main_element=\u00a0\u00bbfont-size: larger;\u00a0\u00bb background_image=\u00a0\u00bb\/wp-content\/uploads\/geom-white-trans.png\u00a0\u00bb]<\/p>\n<p>Notre mission est de vous aider \u00e0 am\u00e9liorer votre entreprise sur une base quotidienne en am\u00e9liorant le processus de d\u00e9ploiement de technologies informatiques.<\/p>\n<p>[\/et_pb_slide][et_pb_slide background_position=\u00a0\u00bbdefault\u00a0\u00bb background_size=\u00a0\u00bbdefault\u00a0\u00bb background_color=\u00a0\u00bb#ffffff\u00a0\u00bb use_bg_overlay=\u00a0\u00bboff\u00a0\u00bb use_text_overlay=\u00a0\u00bboff\u00a0\u00bb alignment=\u00a0\u00bbcenter\u00a0\u00bb background_layout=\u00a0\u00bblight\u00a0\u00bb allow_player_pause=\u00a0\u00bboff\u00a0\u00bb admin_title=\u00a0\u00bbIn these times&#8230;\u00a0\u00bb text_border_radius=\u00a0\u00bb3&Prime; header_font_select=\u00a0\u00bbdefault\u00a0\u00bb header_font=\u00a0\u00bb||||\u00a0\u00bb body_font_select=\u00a0\u00bbdefault\u00a0\u00bb body_font=\u00a0\u00bb||||\u00a0\u00bb custom_button=\u00a0\u00bboff\u00a0\u00bb button_font_select=\u00a0\u00bbdefault\u00a0\u00bb button_font=\u00a0\u00bb||||\u00a0\u00bb button_use_icon=\u00a0\u00bbdefault\u00a0\u00bb button_icon_placement=\u00a0\u00bbright\u00a0\u00bb button_on_hover=\u00a0\u00bbon\u00a0\u00bb image=\u00a0\u00bb\/wp-content\/uploads\/icon-office.png\u00a0\u00bb button_text=\u00a0\u00bbSolutions\u00a0\u00bb button_link=\u00a0\u00bb\/fr\/solutions\u00a0\u00bb background_image=\u00a0\u00bb\/wp-content\/uploads\/geom-white-trans.png\u00a0\u00bb]<\/p>\n<p>Avec l\u2019\u00e9largissement des fronti\u00e8res commerciales et l\u2019av\u00e8nement du march\u00e9 virtuel, une entreprise doit profiter des nouvelles technologies pour maintenir son positionnement strat\u00e9gique, am\u00e9liorer sa productivit\u00e9 et son efficacit\u00e9.<\/p>\n<p>[\/et_pb_slide][et_pb_slide background_position=\u00a0\u00bbdefault\u00a0\u00bb background_size=\u00a0\u00bbdefault\u00a0\u00bb background_color=\u00a0\u00bb#ffffff\u00a0\u00bb use_bg_overlay=\u00a0\u00bboff\u00a0\u00bb use_text_overlay=\u00a0\u00bboff\u00a0\u00bb alignment=\u00a0\u00bbcenter\u00a0\u00bb background_layout=\u00a0\u00bblight\u00a0\u00bb allow_player_pause=\u00a0\u00bboff\u00a0\u00bb admin_title=\u00a0\u00bbWith a team&#8230;\u00a0\u00bb text_border_radius=\u00a0\u00bb3&Prime; header_font_select=\u00a0\u00bbdefault\u00a0\u00bb header_font=\u00a0\u00bb||||\u00a0\u00bb body_font_select=\u00a0\u00bbdefault\u00a0\u00bb body_font=\u00a0\u00bb||||\u00a0\u00bb custom_button=\u00a0\u00bboff\u00a0\u00bb button_font_select=\u00a0\u00bbdefault\u00a0\u00bb button_font=\u00a0\u00bb||||\u00a0\u00bb button_use_icon=\u00a0\u00bbdefault\u00a0\u00bb button_icon_placement=\u00a0\u00bbright\u00a0\u00bb button_on_hover=\u00a0\u00bbon\u00a0\u00bb image=\u00a0\u00bb\/wp-content\/uploads\/icon-partner-idea.png\u00a0\u00bb button_text=\u00a0\u00bbSupport\u00a0\u00bb button_link=\u00a0\u00bb\/fr\/support\u00a0\u00bb background_image=\u00a0\u00bb\/wp-content\/uploads\/geom-white-trans.png\u00a0\u00bb]<\/p>\n<p>Gr\u00e2ce une \u00e9quipe multidisciplinaire de sp\u00e9cialistes hautement qualifi\u00e9s et fort de nombreuses ann\u00e9es d\u2019exp\u00e9rience, ConnecTalk s\u2019assure d\u2019\u00eatre \u00e0 l\u2019aff\u00fbt des plus r\u00e9centes technologies lui permettant d\u2019offrir \u00e0 ses clients des solutions novatrices r\u00e9pondant \u00e0 leurs besoins et respectant leurs budgets<\/p>\n<p>[\/et_pb_slide][et_pb_slide background_position=\u00a0\u00bbdefault\u00a0\u00bb background_size=\u00a0\u00bbdefault\u00a0\u00bb background_color=\u00a0\u00bb#ffffff\u00a0\u00bb use_bg_overlay=\u00a0\u00bboff\u00a0\u00bb use_text_overlay=\u00a0\u00bboff\u00a0\u00bb alignment=\u00a0\u00bbcenter\u00a0\u00bb background_layout=\u00a0\u00bblight\u00a0\u00bb allow_player_pause=\u00a0\u00bboff\u00a0\u00bb admin_title=\u00a0\u00bbNeed information&#8230;\u00a0\u00bb text_border_radius=\u00a0\u00bb3&Prime; header_font_select=\u00a0\u00bbdefault\u00a0\u00bb header_font=\u00a0\u00bb||||\u00a0\u00bb body_font_select=\u00a0\u00bbdefault\u00a0\u00bb body_font=\u00a0\u00bb||||\u00a0\u00bb custom_button=\u00a0\u00bboff\u00a0\u00bb button_font_select=\u00a0\u00bbdefault\u00a0\u00bb button_font=\u00a0\u00bb||||\u00a0\u00bb button_use_icon=\u00a0\u00bbdefault\u00a0\u00bb button_icon_placement=\u00a0\u00bbright\u00a0\u00bb button_on_hover=\u00a0\u00bbon\u00a0\u00bb image=\u00a0\u00bb\/wp-content\/uploads\/icon-office2.png\u00a0\u00bb button_text=\u00a0\u00bbContactez nous\u00a0\u00bb button_link=\u00a0\u00bb\/fr\/contact\u00a0\u00bb background_image=\u00a0\u00bb\/wp-content\/uploads\/geom-white-trans.png\u00a0\u00bb]<\/p>\n<p>N\u2019h\u00e9sitez pas \u00e0 nous contacter.  Nos experts sauront relever le d\u00e9fi !<\/p>\n<p>[\/et_pb_slide]<\/p>\n<p>[\/et_pb_slider][et_pb_text admin_label=\u00a0\u00bbGear Image\u00a0\u00bb background_layout=\u00a0\u00bblight\u00a0\u00bb text_orientation=\u00a0\u00bbleft\u00a0\u00bb disabled=\u00a0\u00bboff\u00a0\u00bb disabled_on=\u00a0\u00bbon||\u00a0\u00bb use_border_color=\u00a0\u00bboff\u00a0\u00bb border_color=\u00a0\u00bb#ffffff\u00a0\u00bb border_style=\u00a0\u00bbsolid\u00a0\u00bb]<\/p>\n<p><img decoding=\"async\" class=\"aligncenter size-full wp-image-1776\" src=\"\/wp-content\/uploads\/55421460_thumbnail_fade.png\" alt=\"55421460_thumbnail\" width=\"100%\" \/><\/p>\n<p>[\/et_pb_text][\/et_pb_column][et_pb_column type=\u00a0\u00bb1_4&Prime;][et_pb_sidebar admin_label=\u00a0\u00bbSidebar\u00a0\u00bb orientation=\u00a0\u00bbright\u00a0\u00bb area=\u00a0\u00bbsidebar-1&Prime; background_layout=\u00a0\u00bblight\u00a0\u00bb]<\/p>\n<p>[\/et_pb_sidebar][\/et_pb_column][\/et_pb_row][\/et_pb_section]<\/p>\n","protected":false},"excerpt":{"rendered":"<p>Am\u00e9liorer votre processus d\u2019affaires. Notre mission est de vous aider \u00e0 am\u00e9liorer votre entreprise sur une base quotidienne en am\u00e9liorant le processus de d\u00e9ploiement de technologies informatiques. Avec l\u2019\u00e9largissement des fronti\u00e8res commerciales et l\u2019av\u00e8nement du march\u00e9 virtuel, une entreprise doit profiter des nouvelles technologies pour maintenir son positionnement strat\u00e9gique, am\u00e9liorer sa productivit\u00e9 et son efficacit\u00e9. [&hellip;]<\/p>\n","protected":false},"author":1,"featured_media":1069,"parent":399,"menu_order":0,"comment_status":"open","ping_status":"open","template":"","meta":{"_et_pb_use_builder":"on","_et_pb_old_content":"","_et_gb_content_width":"","inline_featured_image":false,"footnotes":""},"class_list":["post-405","page","type-page","status-publish","has-post-thumbnail","hentry"],"_links":{"self":[{"href":"https:\/\/www.connectalk.com\/fr\/wp-json\/wp\/v2\/pages\/405","targetHints":{"allow":["GET"]}}],"collection":[{"href":"https:\/\/www.connectalk.com\/fr\/wp-json\/wp\/v2\/pages"}],"about":[{"href":"https:\/\/www.connectalk.com\/fr\/wp-json\/wp\/v2\/types\/page"}],"author":[{"embeddable":true,"href":"https:\/\/www.connectalk.com\/fr\/wp-json\/wp\/v2\/users\/1"}],"replies":[{"embeddable":true,"href":"https:\/\/www.connectalk.com\/fr\/wp-json\/wp\/v2\/comments?post=405"}],"version-history":[{"count":10,"href":"https:\/\/www.connectalk.com\/fr\/wp-json\/wp\/v2\/pages\/405\/revisions"}],"predecessor-version":[{"id":1790,"href":"https:\/\/www.connectalk.com\/fr\/wp-json\/wp\/v2\/pages\/405\/revisions\/1790"}],"up":[{"embeddable":true,"href":"https:\/\/www.connectalk.com\/fr\/wp-json\/wp\/v2\/pages\/399"}],"wp:featuredmedia":[{"embeddable":true,"href":"https:\/\/www.connectalk.com\/fr\/wp-json\/wp\/v2\/media\/1069"}],"wp:attachment":[{"href":"https:\/\/www.connectalk.com\/fr\/wp-json\/wp\/v2\/media?parent=405"}],"curies":[{"name":"wp","href":"https:\/\/api.w.org\/{rel}","templated":true}]}}