{"id":407,"date":"2015-06-25T16:56:16","date_gmt":"2015-06-25T20:56:16","guid":{"rendered":"\/?page_id=407"},"modified":"2019-03-22T17:28:20","modified_gmt":"2019-03-22T21:28:20","slug":"bibliotheque-de-reference","status":"publish","type":"page","link":"https:\/\/www.connectalk.com\/fr\/entreprise\/bibliotheque-de-reference\/","title":{"rendered":"Biblioth\u00e8que de r\u00e9f\u00e9rence"},"content":{"rendered":"<p>[et_pb_section fb_built=\u00a0\u00bb1&Prime; fullwidth=\u00a0\u00bbon\u00a0\u00bb admin_label=\u00a0\u00bbsection\u00a0\u00bb _builder_version=\u00a0\u00bb3.0.74&Prime; background_color=\u00a0\u00bb#ffffff\u00a0\u00bb background_image=\u00a0\u00bb\/wp-content\/uploads\/geometic-bg-blue.jpg\u00a0\u00bb transparent_background=\u00a0\u00bboff\u00a0\u00bb][et_pb_fullwidth_slider show_arrows=\u00a0\u00bboff\u00a0\u00bb show_pagination=\u00a0\u00bboff\u00a0\u00bb module_id=\u00a0\u00bbshort-slider\u00a0\u00bb _builder_version=\u00a0\u00bb3.16&Prime; background_size=\u00a0\u00bbdefault\u00a0\u00bb background_position=\u00a0\u00bbdefault\u00a0\u00bb box_shadow_style=\u00a0\u00bbpreset6&Prime; box_shadow_blur=\u00a0\u00bb10px\u00a0\u00bb box_shadow_color=\u00a0\u00bbrgba(0,0,0,0.1)\u00a0\u00bb custom_padding=\u00a0\u00bb|||\u00a0\u00bb custom_padding_tablet=\u00a0\u00bb|||\u00a0\u00bb custom_padding_phone=\u00a0\u00bb|||\u00a0\u00bb remove_inner_shadow=\u00a0\u00bboff\u00a0\u00bb hide_content_on_mobile=\u00a0\u00bboff\u00a0\u00bb hide_cta_on_mobile=\u00a0\u00bboff\u00a0\u00bb show_inner_shadow=\u00a0\u00bbon\u00a0\u00bb button_letter_spacing_hover=\u00a0\u00bb0&Prime; button_text_size__hover_enabled=\u00a0\u00bboff\u00a0\u00bb button_text_size__hover=\u00a0\u00bbnull\u00a0\u00bb button_one_text_size__hover_enabled=\u00a0\u00bboff\u00a0\u00bb button_one_text_size__hover=\u00a0\u00bbnull\u00a0\u00bb button_two_text_size__hover_enabled=\u00a0\u00bboff\u00a0\u00bb button_two_text_size__hover=\u00a0\u00bbnull\u00a0\u00bb button_text_color__hover_enabled=\u00a0\u00bboff\u00a0\u00bb button_text_color__hover=\u00a0\u00bbnull\u00a0\u00bb button_one_text_color__hover_enabled=\u00a0\u00bboff\u00a0\u00bb button_one_text_color__hover=\u00a0\u00bbnull\u00a0\u00bb button_two_text_color__hover_enabled=\u00a0\u00bboff\u00a0\u00bb button_two_text_color__hover=\u00a0\u00bbnull\u00a0\u00bb button_border_width__hover_enabled=\u00a0\u00bboff\u00a0\u00bb button_border_width__hover=\u00a0\u00bbnull\u00a0\u00bb button_one_border_width__hover_enabled=\u00a0\u00bboff\u00a0\u00bb button_one_border_width__hover=\u00a0\u00bbnull\u00a0\u00bb button_two_border_width__hover_enabled=\u00a0\u00bboff\u00a0\u00bb button_two_border_width__hover=\u00a0\u00bbnull\u00a0\u00bb button_border_color__hover_enabled=\u00a0\u00bboff\u00a0\u00bb button_border_color__hover=\u00a0\u00bbnull\u00a0\u00bb button_one_border_color__hover_enabled=\u00a0\u00bboff\u00a0\u00bb button_one_border_color__hover=\u00a0\u00bbnull\u00a0\u00bb button_two_border_color__hover_enabled=\u00a0\u00bboff\u00a0\u00bb button_two_border_color__hover=\u00a0\u00bbnull\u00a0\u00bb button_border_radius__hover_enabled=\u00a0\u00bboff\u00a0\u00bb button_border_radius__hover=\u00a0\u00bbnull\u00a0\u00bb button_one_border_radius__hover_enabled=\u00a0\u00bboff\u00a0\u00bb button_one_border_radius__hover=\u00a0\u00bbnull\u00a0\u00bb button_two_border_radius__hover_enabled=\u00a0\u00bboff\u00a0\u00bb button_two_border_radius__hover=\u00a0\u00bbnull\u00a0\u00bb button_letter_spacing__hover_enabled=\u00a0\u00bbon\u00a0\u00bb button_letter_spacing__hover=\u00a0\u00bb0&Prime; button_one_letter_spacing__hover_enabled=\u00a0\u00bboff\u00a0\u00bb button_one_letter_spacing__hover=\u00a0\u00bbnull\u00a0\u00bb button_two_letter_spacing__hover_enabled=\u00a0\u00bboff\u00a0\u00bb button_two_letter_spacing__hover=\u00a0\u00bbnull\u00a0\u00bb button_bg_color__hover_enabled=\u00a0\u00bboff\u00a0\u00bb button_bg_color__hover=\u00a0\u00bbnull\u00a0\u00bb button_one_bg_color__hover_enabled=\u00a0\u00bboff\u00a0\u00bb button_one_bg_color__hover=\u00a0\u00bbnull\u00a0\u00bb button_two_bg_color__hover_enabled=\u00a0\u00bboff\u00a0\u00bb button_two_bg_color__hover=\u00a0\u00bbnull\u00a0\u00bb][et_pb_slide heading=\u00a0\u00bbBiblioth\u00e8que de r\u00e9f\u00e9rence\u00a0\u00bb image=\u00a0\u00bb\/wp-content\/uploads\/icon-reference.png\u00a0\u00bb use_bg_overlay=\u00a0\u00bboff\u00a0\u00bb use_text_overlay=\u00a0\u00bboff\u00a0\u00bb _builder_version=\u00a0\u00bb3.16&Prime; header_font=\u00a0\u00bb||||\u00a0\u00bb body_font=\u00a0\u00bb||||\u00a0\u00bb background_color=\u00a0\u00bb#ffffff\u00a0\u00bb background_image=\u00a0\u00bb\/wp-content\/uploads\/17390319_banner_1920_04.jpg?e=flip,blur\u00a0\u00bb background_size=\u00a0\u00bbdefault\u00a0\u00bb button_icon_placement=\u00a0\u00bbright\u00a0\u00bb button_on_hover=\u00a0\u00bbon\u00a0\u00bb button_text_size__hover_enabled=\u00a0\u00bboff\u00a0\u00bb button_one_text_size__hover_enabled=\u00a0\u00bboff\u00a0\u00bb button_two_text_size__hover_enabled=\u00a0\u00bboff\u00a0\u00bb button_text_color__hover_enabled=\u00a0\u00bboff\u00a0\u00bb button_one_text_color__hover_enabled=\u00a0\u00bboff\u00a0\u00bb button_two_text_color__hover_enabled=\u00a0\u00bboff\u00a0\u00bb button_border_width__hover_enabled=\u00a0\u00bboff\u00a0\u00bb button_one_border_width__hover_enabled=\u00a0\u00bboff\u00a0\u00bb button_two_border_width__hover_enabled=\u00a0\u00bboff\u00a0\u00bb button_border_color__hover_enabled=\u00a0\u00bboff\u00a0\u00bb button_one_border_color__hover_enabled=\u00a0\u00bboff\u00a0\u00bb button_two_border_color__hover_enabled=\u00a0\u00bboff\u00a0\u00bb button_border_radius__hover_enabled=\u00a0\u00bboff\u00a0\u00bb button_one_border_radius__hover_enabled=\u00a0\u00bboff\u00a0\u00bb button_two_border_radius__hover_enabled=\u00a0\u00bboff\u00a0\u00bb button_letter_spacing__hover_enabled=\u00a0\u00bboff\u00a0\u00bb button_one_letter_spacing__hover_enabled=\u00a0\u00bboff\u00a0\u00bb button_two_letter_spacing__hover_enabled=\u00a0\u00bboff\u00a0\u00bb button_bg_color__hover_enabled=\u00a0\u00bboff\u00a0\u00bb button_one_bg_color__hover_enabled=\u00a0\u00bboff\u00a0\u00bb button_two_bg_color__hover_enabled=\u00a0\u00bboff\u00a0\u00bb]Les t\u00e9moignages des clients, des \u00e9tudes de cas et des articles publi\u00e9s.<br \/>\n[\/et_pb_slide][\/et_pb_fullwidth_slider][\/et_pb_section][et_pb_section fb_built=\u00a0\u00bb1&Prime; specialty=\u00a0\u00bbon\u00a0\u00bb _builder_version=\u00a0\u00bb3.0.47&Prime;][et_pb_column type=\u00a0\u00bb3_4&Prime; specialty_columns=\u00a0\u00bb3&Prime; _builder_version=\u00a0\u00bb3.0.47&Prime;][et_pb_row_inner admin_label=\u00a0\u00bbRow\u00a0\u00bb _builder_version=\u00a0\u00bb3.0.47&Prime;][et_pb_column_inner type=\u00a0\u00bb4_4&Prime; saved_specialty_column_type=\u00a0\u00bb3_4&Prime; _builder_version=\u00a0\u00bb3.0.47&Prime;][et_pb_text admin_label=\u00a0\u00bbTestimonials\u00a0\u00bb _builder_version=\u00a0\u00bb3.0.87&Prime; background_size=\u00a0\u00bbinitial\u00a0\u00bb background_position=\u00a0\u00bbtop_left\u00a0\u00bb background_repeat=\u00a0\u00bbrepeat\u00a0\u00bb use_border_color=\u00a0\u00bboff\u00a0\u00bb border_color=\u00a0\u00bb#ffffff\u00a0\u00bb border_style=\u00a0\u00bbsolid\u00a0\u00bb]<\/p>\n<h2>T\u00e9moignages<\/h2>\n<p>[\/et_pb_text][\/et_pb_column_inner][\/et_pb_row_inner][et_pb_row_inner admin_label=\u00a0\u00bbRow\u00a0\u00bb _builder_version=\u00a0\u00bb3.0.47&Prime;][et_pb_column_inner type=\u00a0\u00bb1_2&Prime; saved_specialty_column_type=\u00a0\u00bb3_4&Prime; _builder_version=\u00a0\u00bb3.0.47&Prime;][et_pb_testimonial author=\u00a0\u00bbBernard Beaulieu\u00a0\u00bb portrait_url=\u00a0\u00bbdata:image\/svg+xml;base64,PHN2ZyB3aWR0aD0iNTAwIiBoZWlnaHQ9IjUwMCIgdmlld0JveD0iMCAwIDUwMCA1MDAiIHhtbG5zPSJodHRwOi8vd3d3LnczLm9yZy8yMDAwL3N2ZyI+CiAgICA8ZyBmaWxsPSJub25lIiBmaWxsLXJ1bGU9ImV2ZW5vZGQiPgogICAgICAgIDxwYXRoIGZpbGw9IiNFQkVCRUIiIGQ9Ik0wIDBoNTAwdjUwMEgweiIvPgogICAgICAgIDxyZWN0IGZpbGwtb3BhY2l0eT0iLjEiIGZpbGw9IiMwMDAiIHg9IjY4IiB5PSIzMDUiIHdpZHRoPSIzNjQiIGhlaWdodD0iNTY4IiByeD0iMTgyIi8+CiAgICAgICAgPGNpcmNsZSBmaWxsLW9wYWNpdHk9Ii4xIiBmaWxsPSIjMDAwIiBjeD0iMjQ5IiBjeT0iMTcyIiByPSIxMDAiLz4KICAgIDwvZz4KPC9zdmc+Cg==\u00a0\u00bb _builder_version=\u00a0\u00bb3.20.2&Prime; job_title=\u00a0\u00bbVice-pr\u00e9sident syst\u00e8mes et technologies\u00a0\u00bb company_name=\u00a0\u00bbVision7 International\u00a0\u00bb admin_label=\u00a0\u00bbBernard Beaulieu &#8211; V7i 2019&Prime;]<\/p>\n<p>Vision7 utilise les services de ConnecTalk depuis plus de 20 ans. Ces derniers ont particip\u00e9 \u00e0 une multitude de projets, tant au niveau infrastructure qu\u2019au niveau s\u00e9curit\u00e9, notamment en g\u00e9rant d\u2019une fa\u00e7on professionnelle et efficace notre environnement de firewall. Leur travail s\u2019est toujours av\u00e9r\u00e9 d\u2019une qualit\u00e9 irr\u00e9prochable et d\u2019un professionnalisme exemplaire.<\/p>\n<p>Pendant toutes ces ann\u00e9es, ConnecTalk n\u2019a jamais h\u00e9sit\u00e9 \u00e0 apprendre et proposer de nouvelles technologies. En 2013 par exemple lorsque Vision7 a d\u00e9cid\u00e9 de changer son infrastructure firewall vers la technologie Palo Alto, ConnecTalk a pris le virage et accompagn\u00e9 Vision7 dans cette importante restructure. Ils ont fait preuve de leadership et d\u2019ouverture et on implant\u00e9 Palo Alto chez Vision7 selon les crit\u00e8res les plus \u00e9lev\u00e9s d\u2019excellence. Depuis toutes ces ann\u00e9es, ConnecTalk a effectu\u00e9 la gestion presque compl\u00e8te de cet environnement qui a \u00e9t\u00e9 par ailleurs test\u00e9 \u00e0 quelques reprises par des audits externes. Ces audits ont tous r\u00e9v\u00e9l\u00e9 une ma\u00eetrise de la technologie et une gestion quotidienne rencontrant toutes les normes de s\u00e9curit\u00e9 requises.<\/p>\n<p>\u00c0 la fin 2018, Vision7 a mandat\u00e9 ConnecTalk pour remplacer tous ces firewalls \u00e0 travers ses diff\u00e9rents sites par une nouvelle g\u00e9n\u00e9ration de modules Palo Alto. Encore une fois, cette transition s\u2019est faite d\u2019une fa\u00e7on structur\u00e9e, efficace et compl\u00e8tement transparente pour les usagers. Leur connaissance approfondie de la technologie nous a permis d\u2019acheter les bons \u00e9quipements au juste prix. Elle nous offrira des nouvelles possibilit\u00e9s au niveau de la s\u00e9curit\u00e9 telle une meilleure gestion de notre environnement Cloud ainsi qu\u2019une s\u00e9curisation du r\u00e9seau qui nous permettra l\u2019implantation du BYOD.<\/p>\n<p>ConnecTalk est pour Vision7 d\u00e9finitivement plus qu\u2019un fournisseur de service. ConnecTalk est un vrai partenaire d\u2019affaire, des ressources avec qui Vision7 \u00e9change et partage des strat\u00e9gies, une vision.<\/p>\n<p>[\/et_pb_testimonial][\/et_pb_column_inner][et_pb_column_inner type=\u00a0\u00bb1_2&Prime; saved_specialty_column_type=\u00a0\u00bb3_4&Prime; _builder_version=\u00a0\u00bb3.0.47&Prime;][et_pb_testimonial author=\u00a0\u00bbJean Bernier\u00a0\u00bb job_title=\u00a0\u00bbArchitecte TI &#8211; Administrateur syst\u00e8me senior\u00a0\u00bb company_name=\u00a0\u00bbEacom Timber Corporation\u00a0\u00bb admin_label=\u00a0\u00bbJean Bernier &#8211; Eacom Client Portal\u00a0\u00bb _builder_version=\u00a0\u00bb3.19.4&Prime;]<\/p>\n<p style=\"font-weight: 400;\">Mes sinc\u00e8res f\u00e9licitations \u00e0 toute l\u2019\u00e9quipe de ConnecTalk qui a su r\u00e9aliser notre projet de site web dans les temps et budget pr\u00e9vu, ils ont su comprendre exactement ce que nous voulions, et ce avec des explications parfois \u00e0 tr\u00e8s haut niveau.\u00a0<\/p>\n<p style=\"font-weight: 400;\">Le professionnalisme de l\u2019\u00e9quipe et l\u2019adaptabilit\u00e9 essentielle face aux changements rapides que nous demandions furent r\u00e9alis\u00e9s efficacement et habilement.<\/p>\n<p style=\"font-weight: 400;\">En r\u00e9sum\u00e9\u00a0: Efficacit\u00e9, Expertise et Flexibilit\u00e9 = CONNECTALK<\/p>\n<p style=\"font-weight: 400;\">Un immense merci\u2026<\/p>\n<p>[\/et_pb_testimonial][et_pb_testimonial author=\u00a0\u00bbMike Giannoumis\u00a0\u00bb job_title=\u00a0\u00bbDirecteur, technologie de l&#x27;information\u00a0\u00bb company_name=\u00a0\u00bbGroupe Dynamite\u00a0\u00bb admin_label=\u00a0\u00bbMike &#8211; GD Testimonial\u00a0\u00bb _builder_version=\u00a0\u00bb3.2&Prime; background_size=\u00a0\u00bbinitial\u00a0\u00bb background_position=\u00a0\u00bbtop_left\u00a0\u00bb background_repeat=\u00a0\u00bbrepeat\u00a0\u00bb]<\/p>\n<p>\nNotre objectif a toujours \u00e9t\u00e9 d&rsquo;offrir une exp\u00e9rience de magasinage tr\u00e8s personnalis\u00e9. Gr\u00e2ce \u00e0 la solution de ConnecTalk et Motorola, nous sommes pr\u00eats \u00e0 prendre de l&rsquo;exp\u00e9rience client \u00e0 un nouveau niveau.<\/p>\n<p>[\/et_pb_testimonial][et_pb_testimonial author=\u00a0\u00bbBernard Beaulieu\u00a0\u00bb job_title=\u00a0\u00bbDirecteur d&#x27;infrastructure\u00a0\u00bb company_name=\u00a0\u00bbVision 7&Prime; admin_label=\u00a0\u00bbBernard &#8211; V7 Testimonial 2&Prime; _builder_version=\u00a0\u00bb3.2&Prime; background_size=\u00a0\u00bbinitial\u00a0\u00bb background_position=\u00a0\u00bbtop_left\u00a0\u00bb background_repeat=\u00a0\u00bbrepeat\u00a0\u00bb]<\/p>\n<p>\nUne des fa\u00e7ons que nous connaissons ce fut une tr\u00e8s bonne solution est que nous avons fait une enqu\u00eate par la suite et a eu aucune plainte. Voil\u00e0 incroyablement rare.<\/p>\n<p>[\/et_pb_testimonial][et_pb_testimonial author=\u00a0\u00bbBernard Beaulieu\u00a0\u00bb job_title=\u00a0\u00bbDirecteur d&#x27;infrastructure\u00a0\u00bb company_name=\u00a0\u00bbVision 7&Prime; admin_label=\u00a0\u00bbBernard &#8211; V7 Testimonial 1&Prime; _builder_version=\u00a0\u00bb3.2&Prime; background_size=\u00a0\u00bbinitial\u00a0\u00bb background_position=\u00a0\u00bbtop_left\u00a0\u00bb background_repeat=\u00a0\u00bbrepeat\u00a0\u00bb]<\/p>\n<p>\nD\u00e8s le d\u00e9but, ConnecTalk savait ce que les d\u00e9fis \u00e9taient et ce qu&rsquo;ils avaient \u00e0 faire. Ils sont venus \u00e0 nous avec un plan tr\u00e8s organis\u00e9e et d\u00e9taill\u00e9e. En plus d&rsquo;avoir une connaissance exceptionnelle du produit, ils se sont r\u00e9v\u00e9l\u00e9s \u00eatre facile \u00e0 atteindre, facile \u00e0 travailler, et sont tr\u00e8s proactive.<\/p>\n<p>[\/et_pb_testimonial][\/et_pb_column_inner][\/et_pb_row_inner][et_pb_row_inner admin_label=\u00a0\u00bbRow\u00a0\u00bb _builder_version=\u00a0\u00bb3.0.47&Prime;][et_pb_column_inner type=\u00a0\u00bb4_4&Prime; saved_specialty_column_type=\u00a0\u00bb3_4&Prime; _builder_version=\u00a0\u00bb3.0.47&Prime;][et_pb_text admin_label=\u00a0\u00bbCase Studies\u00a0\u00bb _builder_version=\u00a0\u00bb3.0.74&Prime; background_size=\u00a0\u00bbinitial\u00a0\u00bb background_position=\u00a0\u00bbtop_left\u00a0\u00bb background_repeat=\u00a0\u00bbrepeat\u00a0\u00bb]<\/p>\n<h1 style=\"color: #006699;\">\u00c9tudes de cas<\/h1>\n<p>[\/et_pb_text][et_pb_blog fullwidth=\u00a0\u00bboff\u00a0\u00bb include_categories=\u00a0\u00bb21&Prime; show_more=\u00a0\u00bbon\u00a0\u00bb show_author=\u00a0\u00bboff\u00a0\u00bb show_date=\u00a0\u00bboff\u00a0\u00bb show_categories=\u00a0\u00bboff\u00a0\u00bb show_comments=\u00a0\u00bbon\u00a0\u00bb show_pagination=\u00a0\u00bboff\u00a0\u00bb admin_label=\u00a0\u00bbCase Studies Category\u00a0\u00bb module_class=\u00a0\u00bbindent\u00a0\u00bb _builder_version=\u00a0\u00bb3.0.94&Prime; use_border_color=\u00a0\u00bboff\u00a0\u00bb border_color=\u00a0\u00bb#ffffff\u00a0\u00bb border_style=\u00a0\u00bbsolid\u00a0\u00bb use_dropshadow=\u00a0\u00bboff\u00a0\u00bb]<\/p>\n<p>[\/et_pb_blog][\/et_pb_column_inner][\/et_pb_row_inner][et_pb_row_inner admin_label=\u00a0\u00bbRow\u00a0\u00bb _builder_version=\u00a0\u00bb3.0.47&Prime;][et_pb_column_inner type=\u00a0\u00bb4_4&Prime; saved_specialty_column_type=\u00a0\u00bb3_4&Prime; _builder_version=\u00a0\u00bb3.0.47&Prime;][et_pb_text admin_label=\u00a0\u00bbArticles\u00a0\u00bb _builder_version=\u00a0\u00bb3.0.74&Prime; background_size=\u00a0\u00bbinitial\u00a0\u00bb background_position=\u00a0\u00bbtop_left\u00a0\u00bb background_repeat=\u00a0\u00bbrepeat\u00a0\u00bb]<\/p>\n<h1 style=\"color: #006699;\">Articles<\/h1>\n<p>[\/et_pb_text][et_pb_blog fullwidth=\u00a0\u00bboff\u00a0\u00bb include_categories=\u00a0\u00bb22&Prime; show_more=\u00a0\u00bbon\u00a0\u00bb show_author=\u00a0\u00bboff\u00a0\u00bb show_date=\u00a0\u00bboff\u00a0\u00bb show_categories=\u00a0\u00bboff\u00a0\u00bb show_comments=\u00a0\u00bbon\u00a0\u00bb show_pagination=\u00a0\u00bboff\u00a0\u00bb admin_label=\u00a0\u00bbArticles Category\u00a0\u00bb module_class=\u00a0\u00bbindent\u00a0\u00bb _builder_version=\u00a0\u00bb3.0.94&Prime; use_border_color=\u00a0\u00bboff\u00a0\u00bb border_color=\u00a0\u00bb#ffffff\u00a0\u00bb border_style=\u00a0\u00bbsolid\u00a0\u00bb use_dropshadow=\u00a0\u00bboff\u00a0\u00bb]<\/p>\n<p>[\/et_pb_blog][\/et_pb_column_inner][\/et_pb_row_inner][\/et_pb_column][et_pb_column type=\u00a0\u00bb1_4&Prime; _builder_version=\u00a0\u00bb3.0.47&Prime;][et_pb_sidebar orientation=\u00a0\u00bbright\u00a0\u00bb area=\u00a0\u00bbsidebar-1&Prime; _builder_version=\u00a0\u00bb3.0.74&Prime; remove_border=\u00a0\u00bboff\u00a0\u00bb][\/et_pb_sidebar][\/et_pb_column][\/et_pb_section]<\/p>\n","protected":false},"excerpt":{"rendered":"<p>Les t\u00e9moignages des clients, des \u00e9tudes de cas et des articles publi\u00e9s. T\u00e9moignages Vision7 utilise les services de ConnecTalk depuis plus de 20 ans. Ces derniers ont particip\u00e9 \u00e0 une multitude de projets, tant au niveau infrastructure qu\u2019au niveau s\u00e9curit\u00e9, notamment en g\u00e9rant d\u2019une fa\u00e7on professionnelle et efficace notre environnement de firewall. Leur travail s\u2019est [&hellip;]<\/p>\n","protected":false},"author":1,"featured_media":0,"parent":399,"menu_order":0,"comment_status":"open","ping_status":"open","template":"","meta":{"_et_pb_use_builder":"on","_et_pb_old_content":"","_et_gb_content_width":"","inline_featured_image":false,"footnotes":""},"class_list":["post-407","page","type-page","status-publish","hentry"],"_links":{"self":[{"href":"https:\/\/www.connectalk.com\/fr\/wp-json\/wp\/v2\/pages\/407","targetHints":{"allow":["GET"]}}],"collection":[{"href":"https:\/\/www.connectalk.com\/fr\/wp-json\/wp\/v2\/pages"}],"about":[{"href":"https:\/\/www.connectalk.com\/fr\/wp-json\/wp\/v2\/types\/page"}],"author":[{"embeddable":true,"href":"https:\/\/www.connectalk.com\/fr\/wp-json\/wp\/v2\/users\/1"}],"replies":[{"embeddable":true,"href":"https:\/\/www.connectalk.com\/fr\/wp-json\/wp\/v2\/comments?post=407"}],"version-history":[{"count":8,"href":"https:\/\/www.connectalk.com\/fr\/wp-json\/wp\/v2\/pages\/407\/revisions"}],"predecessor-version":[{"id":2840,"href":"https:\/\/www.connectalk.com\/fr\/wp-json\/wp\/v2\/pages\/407\/revisions\/2840"}],"up":[{"embeddable":true,"href":"https:\/\/www.connectalk.com\/fr\/wp-json\/wp\/v2\/pages\/399"}],"wp:attachment":[{"href":"https:\/\/www.connectalk.com\/fr\/wp-json\/wp\/v2\/media?parent=407"}],"curies":[{"name":"wp","href":"https:\/\/api.w.org\/{rel}","templated":true}]}}