{"id":417,"date":"2015-06-26T09:38:15","date_gmt":"2015-06-26T13:38:15","guid":{"rendered":"\/?page_id=417"},"modified":"2017-02-07T11:49:14","modified_gmt":"2017-02-07T16:49:14","slug":"solutions","status":"publish","type":"page","link":"https:\/\/www.connectalk.com\/fr\/solutions\/","title":{"rendered":"Solutions"},"content":{"rendered":"<p>[et_pb_section admin_label=\u00a0\u00bbsection\u00a0\u00bb fullwidth=\u00a0\u00bbon\u00a0\u00bb specialty=\u00a0\u00bboff\u00a0\u00bb background_image=\u00a0\u00bb\/wp-content\/uploads\/geometic-bg-blue.jpg\u00a0\u00bb transparent_background=\u00a0\u00bboff\u00a0\u00bb background_color=\u00a0\u00bb#ffffff\u00a0\u00bb inner_shadow=\u00a0\u00bboff\u00a0\u00bb parallax=\u00a0\u00bboff\u00a0\u00bb parallax_method=\u00a0\u00bboff\u00a0\u00bb][et_pb_fullwidth_slider admin_label=\u00a0\u00bbFullwidth Slider\u00a0\u00bb show_arrows=\u00a0\u00bboff\u00a0\u00bb show_pagination=\u00a0\u00bboff\u00a0\u00bb auto=\u00a0\u00bboff\u00a0\u00bb parallax=\u00a0\u00bboff\u00a0\u00bb parallax_method=\u00a0\u00bboff\u00a0\u00bb module_id=\u00a0\u00bbshort-slider\u00a0\u00bb auto_ignore_hover=\u00a0\u00bboff\u00a0\u00bb remove_inner_shadow=\u00a0\u00bboff\u00a0\u00bb background_position=\u00a0\u00bbdefault\u00a0\u00bb background_size=\u00a0\u00bbdefault\u00a0\u00bb hide_content_on_mobile=\u00a0\u00bboff\u00a0\u00bb hide_cta_on_mobile=\u00a0\u00bboff\u00a0\u00bb show_image_video_mobile=\u00a0\u00bboff\u00a0\u00bb custom_button=\u00a0\u00bboff\u00a0\u00bb button_letter_spacing=\u00a0\u00bb0&Prime; button_use_icon=\u00a0\u00bbdefault\u00a0\u00bb button_icon_placement=\u00a0\u00bbright\u00a0\u00bb button_on_hover=\u00a0\u00bbon\u00a0\u00bb button_letter_spacing_hover=\u00a0\u00bb0&Prime;]<\/p>\n<p>[et_pb_slide heading=\u00a0\u00bbSolutions\u00a0\u00bb background_image=\u00a0\u00bb\/wp-content\/uploads\/17390319_banner_1920_02.jpg?e=flip,light,blur\u00a0\u00bb background_color=\u00a0\u00bb#ffffff\u00a0\u00bb alignment=\u00a0\u00bbcenter\u00a0\u00bb background_layout=\u00a0\u00bbdark\u00a0\u00bb image=\u00a0\u00bb\/wp-content\/uploads\/icon-net-shield.png\u00a0\u00bb background_position=\u00a0\u00bbdefault\u00a0\u00bb background_size=\u00a0\u00bbdefault\u00a0\u00bb use_bg_overlay=\u00a0\u00bboff\u00a0\u00bb use_text_overlay=\u00a0\u00bboff\u00a0\u00bb allow_player_pause=\u00a0\u00bboff\u00a0\u00bb text_border_radius=\u00a0\u00bb3&Prime; header_font_select=\u00a0\u00bbdefault\u00a0\u00bb header_font=\u00a0\u00bb||||\u00a0\u00bb body_font_select=\u00a0\u00bbdefault\u00a0\u00bb body_font=\u00a0\u00bb||||\u00a0\u00bb custom_button=\u00a0\u00bboff\u00a0\u00bb button_font_select=\u00a0\u00bbdefault\u00a0\u00bb button_font=\u00a0\u00bb||||\u00a0\u00bb button_use_icon=\u00a0\u00bbdefault\u00a0\u00bb button_icon_placement=\u00a0\u00bbright\u00a0\u00bb button_on_hover=\u00a0\u00bbon\u00a0\u00bb]<\/p>\n<p>Des solutions pour optimiser et s\u00e9curiser votre infrastructure TI.<\/p>\n<p>[\/et_pb_slide]<\/p>\n<p>[\/et_pb_fullwidth_slider][\/et_pb_section][et_pb_section admin_label=\u00a0\u00bbsection\u00a0\u00bb fullwidth=\u00a0\u00bboff\u00a0\u00bb specialty=\u00a0\u00bboff\u00a0\u00bb transparent_background=\u00a0\u00bboff\u00a0\u00bb background_color=\u00a0\u00bb#ffffff\u00a0\u00bb inner_shadow=\u00a0\u00bboff\u00a0\u00bb parallax=\u00a0\u00bboff\u00a0\u00bb parallax_method=\u00a0\u00bboff\u00a0\u00bb module_id=\u00a0\u00bbmaintext\u00a0\u00bb][et_pb_row admin_label=\u00a0\u00bbrow\u00a0\u00bb][et_pb_column type=\u00a0\u00bb3_4&Prime;][et_pb_text admin_label=\u00a0\u00bbText\u00a0\u00bb background_layout=\u00a0\u00bblight\u00a0\u00bb text_orientation=\u00a0\u00bbleft\u00a0\u00bb]<\/p>\n<h2>R\u00e9ponses \u00e0 vos besoins particuliers<\/h2>\n<p>[\/et_pb_text][et_pb_text admin_label=\u00a0\u00bbText\u00a0\u00bb background_layout=\u00a0\u00bblight\u00a0\u00bb text_orientation=\u00a0\u00bbleft\u00a0\u00bb use_border_color=\u00a0\u00bboff\u00a0\u00bb border_color=\u00a0\u00bb#ffffff\u00a0\u00bb border_style=\u00a0\u00bbsolid\u00a0\u00bb]<\/p>\n<div class=\"snake-start\"><\/div>\n<div class=\"snake-top wifi-bgr\">\n<h3>Syst\u00e8mes de r\u00e9seau d\u2019entreprise sans fil<\/h3>\n<p>Nous offrons un \u00e9ventail de services complets de l\u2019analyse de l\u2019\u00e9tat actuel de votre parc \u00e0 la mise en route du r\u00e9seau. Notre personnel hautement qualifi\u00e9 \u00e9valuera la situation afin de d\u00e9terminer vos besoins, et vous proposera un plan assurant le niveau de couverture optimale, dans un r\u00e9seau performant sans compromis en mati\u00e8re de s\u00e9curit\u00e9. &nbsp;<a class=\"nowrap\" href=\"\/fr\/reseau-sans-fil\/\"><i class=\"fa fa-arrow-circle-o-right\"><\/i>&nbsp;En&nbsp;savoir&nbsp;plus\u2026<\/a><\/p>\n<\/div>\n<div class=\"snake-left voip-bgr\">\n<h3>Solutions de voix \u2013 VoIP et VoWLAN<\/h3>\n<p>Les attentes du maintien de la productivit\u00e9 au sein des employ\u00e9s sont au c\u0153ur des pr\u00e9occupations des gestionnaires depuis toujours. Les solutions de VoIP, de VoWLAN et de communications unifi\u00e9es rapprochent les entreprises de l\u2019atteinte de ces objectifs. Ces solutions s\u2019int\u00e8grent tant aux r\u00e9seaux sans fil qu\u2019aux r\u00e9seaux filaires traditionnels. Notre personnel saura \u00e9valuer vos besoins afin de vous proposer une solution ad\u00e9quate et s\u00e9curitaire. &nbsp;<a class=\"nowrap\" href=\"\/fr\/solutions-de-voix\/\"><i class=\"fa fa-arrow-circle-o-right\"><\/i>&nbsp;En&nbsp;savoir&nbsp;plus\u2026<\/a><\/p>\n<\/div>\n<div class=\"snake-right mob-comp-bgr\">\n<h3>Mobilit\u00e9<\/h3>\n<p>Quel que soit la nature de votre offre de service, une gamme d\u2019outils s\u2019offre \u00e0 vous afin de maximiser la productivit\u00e9 de votre \u00e9quipe. A l\u2019\u00e8re de la mobilit\u00e9, nous vous proposons des p\u00e9riph\u00e9riques robustes pour tous types d\u2019environnement. La saisie, le traitement des donn\u00e9es et le transport de ces informations sont maintenant facilit\u00e9s. Le d\u00e9veloppement ou l\u2019utilisation d\u2019applications s\u2019adressant \u00e0 votre industrie acc\u00e9l\u00e8re l\u2019analyse des donn\u00e9es critiques et permet une prise de d\u00e9cision \u00e9clair\u00e9e. Notre personnel chevronn\u00e9 pourra vous aider \u00e0 d\u00e9terminer vos besoins. &nbsp;<a class=\"nowrap\" href=\"\/fr\/mobilite\/\"><i class=\"fa fa-arrow-circle-o-right\"><\/i>&nbsp;En&nbsp;savoir&nbsp;plus\u2026<\/a><\/p>\n<\/div>\n<div class=\"snake-left snake-bottom net-cable-bgr\">\n<h3>Infrastructure et&nbsp;cyber-s\u00e9curit\u00e9<\/h3>\n<p>Notre \u00e9quipe poss\u00e8de plus de 20 ans d\u2019exp\u00e9rience dans l\u2019implantation et le maintien de l\u2019infrastructure des TI de nos clients. Bien que notre gamme de services \u00e9volue et s\u2019adapte aux besoins de nos clients, et aux nouvelles technologies, notre expertise de la gestion des infrastructures des TI (r\u00e9seaux LAN et WAN, syst\u00e8mes de messagerie et de collaboration, s\u00e9curit\u00e9) est \u00e0 la base de nos services depuis la cr\u00e9ation de l\u2019entreprise. &nbsp;<a class=\"nowrap\" href=\"\/fr\/infrastructure-et-securite\/\"><i class=\"fa fa-arrow-circle-o-right\"><\/i>&nbsp;En&nbsp;savoir&nbsp;plus\u2026<\/a><\/p>\n<\/div>\n<p>[\/et_pb_text][\/et_pb_column][et_pb_column type=\u00a0\u00bb1_4&Prime;][et_pb_sidebar admin_label=\u00a0\u00bbSidebar\u00a0\u00bb orientation=\u00a0\u00bbright\u00a0\u00bb area=\u00a0\u00bbsidebar-1&Prime; background_layout=\u00a0\u00bblight\u00a0\u00bb]<\/p>\n<p>[\/et_pb_sidebar][\/et_pb_column][\/et_pb_row][\/et_pb_section]<\/p>\n","protected":false},"excerpt":{"rendered":"<p>Des solutions pour optimiser et s\u00e9curiser votre infrastructure TI. R\u00e9ponses \u00e0 vos besoins particuliers Syst\u00e8mes de r\u00e9seau d\u2019entreprise sans fil Nous offrons un \u00e9ventail de services complets de l\u2019analyse de l\u2019\u00e9tat actuel de votre parc \u00e0 la mise en route du r\u00e9seau. Notre personnel hautement qualifi\u00e9 \u00e9valuera la situation afin de d\u00e9terminer vos besoins, et [&hellip;]<\/p>\n","protected":false},"author":1,"featured_media":0,"parent":0,"menu_order":0,"comment_status":"open","ping_status":"open","template":"","meta":{"_et_pb_use_builder":"on","_et_pb_old_content":"","_et_gb_content_width":"","inline_featured_image":false,"footnotes":""},"class_list":["post-417","page","type-page","status-publish","hentry"],"_links":{"self":[{"href":"https:\/\/www.connectalk.com\/fr\/wp-json\/wp\/v2\/pages\/417","targetHints":{"allow":["GET"]}}],"collection":[{"href":"https:\/\/www.connectalk.com\/fr\/wp-json\/wp\/v2\/pages"}],"about":[{"href":"https:\/\/www.connectalk.com\/fr\/wp-json\/wp\/v2\/types\/page"}],"author":[{"embeddable":true,"href":"https:\/\/www.connectalk.com\/fr\/wp-json\/wp\/v2\/users\/1"}],"replies":[{"embeddable":true,"href":"https:\/\/www.connectalk.com\/fr\/wp-json\/wp\/v2\/comments?post=417"}],"version-history":[{"count":10,"href":"https:\/\/www.connectalk.com\/fr\/wp-json\/wp\/v2\/pages\/417\/revisions"}],"predecessor-version":[{"id":2113,"href":"https:\/\/www.connectalk.com\/fr\/wp-json\/wp\/v2\/pages\/417\/revisions\/2113"}],"wp:attachment":[{"href":"https:\/\/www.connectalk.com\/fr\/wp-json\/wp\/v2\/media?parent=417"}],"curies":[{"name":"wp","href":"https:\/\/api.w.org\/{rel}","templated":true}]}}