{"id":431,"date":"2015-06-26T10:35:53","date_gmt":"2015-06-26T14:35:53","guid":{"rendered":"\/?page_id=431"},"modified":"2016-10-25T11:05:29","modified_gmt":"2016-10-25T15:05:29","slug":"legal","status":"publish","type":"page","link":"https:\/\/www.connectalk.com\/fr\/legal\/","title":{"rendered":"Avis l\u00e9gal"},"content":{"rendered":"<p>[et_pb_section fullwidth=\u00a0\u00bbon\u00a0\u00bb specialty=\u00a0\u00bboff\u00a0\u00bb][et_pb_fullwidth_slider admin_label=\u00a0\u00bbFullwidth Slider\u00a0\u00bb show_arrows=\u00a0\u00bboff\u00a0\u00bb show_pagination=\u00a0\u00bboff\u00a0\u00bb auto=\u00a0\u00bboff\u00a0\u00bb parallax=\u00a0\u00bboff\u00a0\u00bb parallax_method=\u00a0\u00bboff\u00a0\u00bb module_id=\u00a0\u00bbshort-slider\u00a0\u00bb][et_pb_slide heading=\u00a0\u00bbL\u00e9gal\u00a0\u00bb background_image=\u00a0\u00bb\/wp-content\/uploads\/1385002_60124554b.jpg\u00a0\u00bb background_color=\u00a0\u00bb#ffffff\u00a0\u00bb image=\u00a0\u00bb\/wp-content\/uploads\/ctalk-page-circle-shadow.png\u00a0\u00bb alignment=\u00a0\u00bbcenter\u00a0\u00bb background_layout=\u00a0\u00bblight\u00a0\u00bb \/][\/et_pb_fullwidth_slider][\/et_pb_section][et_pb_section][et_pb_row][et_pb_column type=\u00a0\u00bb4_4&Prime;][et_pb_text admin_label=\u00a0\u00bbText\u00a0\u00bb background_layout=\u00a0\u00bblight\u00a0\u00bb text_orientation=\u00a0\u00bbleft\u00a0\u00bb]<\/p>\n<h2>Avis l\u00e9gal<\/h2>\n<p>[\/et_pb_text][et_pb_text admin_label=\u00a0\u00bbText\u00a0\u00bb background_layout=\u00a0\u00bblight\u00a0\u00bb text_orientation=\u00a0\u00bbleft\u00a0\u00bb]<\/p>\n<h3>Droits d&rsquo;auteur<\/h3>\n<p>Les droits d&rsquo;auteurs du mat\u00e9riel contenu dans ce site appartiennent \u00e0 Le Groupe ConnecTalk Inc., ou au cr\u00e9ateur original du mat\u00e9riel. Nous utilisons les logos et droits d&rsquo;auteur d&rsquo;autres sources selon les notices affich\u00e9es dans la documentation de droits d&rsquo;auteur de la personne ou soci\u00e9t\u00e9 propri\u00e9taire de la source du mat\u00e9riel utilis\u00e9.<\/p>\n<p>CONNECTALK\u00ae et le logo CONNECTALK\u00ae sont des marques de commerce d\u00e9pos\u00e9e de Le Groupe ConnecTalk Inc..[\/et_pb_text][et_pb_text admin_label=\u00a0\u00bbText\u00a0\u00bb background_layout=\u00a0\u00bblight\u00a0\u00bb text_orientation=\u00a0\u00bbleft\u00a0\u00bb]<\/p>\n<h3>D\u00e9n\u00e9gation<\/h3>\n<p>Le contenu du pr\u00e9sent site web est fourni \u00ab tel quel \u00bb, sans garanties exprim\u00e9es ni implicites. Le visiteur assume seul la responsabilit\u00e9 de la validation des informations avec les sources appropri\u00e9es.[\/et_pb_text][et_pb_text admin_label=\u00a0\u00bbText\u00a0\u00bb background_layout=\u00a0\u00bblight\u00a0\u00bb text_orientation=\u00a0\u00bbleft\u00a0\u00bb]<\/p>\n<h3>Utilisation de votre information personnelle<\/h3>\n<p>La protection de votre vie priv\u00e9e est tr\u00e8s importante. ConnecTalk\u00ae reconna\u00eet aussi que votre droit \u00e0 cette vie priv\u00e9e est tr\u00e8s important. Nous reconnaissons que vous acceptez de nous transmettre des informations sur une base volontaire. Nous vous affirmons que cette information ne sera pas vendue ou \u00e9chang\u00e9e sans votre consentement. De plus, seuls les employ\u00e9s de ConnecTalk\u00ae et de ses filiales n\u00e9cessitant un acc\u00e8s direct \u00e0 votre information seront autoris\u00e9s \u00e0 la visionner et \u00e0 la manipuler au besoin. Le but recherch\u00e9 est de permettre \u00e0 ConnecTalk\u00ae de vous offrir un meilleur service.[\/et_pb_text][et_pb_text admin_label=\u00a0\u00bbText\u00a0\u00bb background_layout=\u00a0\u00bblight\u00a0\u00bb text_orientation=\u00a0\u00bbleft\u00a0\u00bb]<\/p>\n<h3>Lois applicables<\/h3>\n<p>Ce site est maintenu par Service-conseils ConnecTalk Inc, une soci\u00e9t\u00e9 canadienne, depuis son si\u00e8ge social canadien situ\u00e9 \u00e0 Montr\u00e9al. Ce site est sujet aux lois canadiennes et \u00e0 celles de la province de Qu\u00e9bec. Les visiteurs de l&rsquo;ext\u00e9rieur du Canada auront tout avantage \u00e0 conna\u00eetre les lois locales qui pourraient s&rsquo;appliquer \u00e0 leur visite sur le site de ConnecTalk\u00ae.[\/et_pb_text][\/et_pb_column][\/et_pb_row][\/et_pb_section]<\/p>\n","protected":false},"excerpt":{"rendered":"<p><div class=\"et_pb_section et_pb_section_0 et_section_regular\" >\n\t\t\t\t\n\t\t\t\t\n\t\t\t\t\n\t\t\t\t\n\t\t\t\t\n\t\t\t\t\n\t\t\t\t\n\t\t\t\t\n\t\t\t\t\n\t\t\t<\/div><div class=\"et_pb_row et_pb_row_0 et_pb_row_empty\">\n\t\t\t\t\n\t\t\t\t\n\t\t\t\t\n\t\t\t\t\n\t\t\t\t\n\t\t\t<\/div>Avis l\u00e9galDroits d&rsquo;auteur Les droits d&rsquo;auteurs du mat\u00e9riel contenu dans ce site appartiennent \u00e0 Le Groupe ConnecTalk Inc., ou au cr\u00e9ateur original du mat\u00e9riel. Nous utilisons les logos et droits d&rsquo;auteur d&rsquo;autres sources selon les notices affich\u00e9es dans la documentation de droits d&rsquo;auteur de la personne ou soci\u00e9t\u00e9 propri\u00e9taire de la source du mat\u00e9riel utilis\u00e9. [&hellip;]<\/p>\n","protected":false},"author":1,"featured_media":0,"parent":0,"menu_order":0,"comment_status":"closed","ping_status":"closed","template":"","meta":{"_et_pb_use_builder":"on","_et_pb_old_content":"","_et_gb_content_width":"","inline_featured_image":false,"footnotes":""},"class_list":["post-431","page","type-page","status-publish","hentry"],"_links":{"self":[{"href":"https:\/\/www.connectalk.com\/fr\/wp-json\/wp\/v2\/pages\/431","targetHints":{"allow":["GET"]}}],"collection":[{"href":"https:\/\/www.connectalk.com\/fr\/wp-json\/wp\/v2\/pages"}],"about":[{"href":"https:\/\/www.connectalk.com\/fr\/wp-json\/wp\/v2\/types\/page"}],"author":[{"embeddable":true,"href":"https:\/\/www.connectalk.com\/fr\/wp-json\/wp\/v2\/users\/1"}],"replies":[{"embeddable":true,"href":"https:\/\/www.connectalk.com\/fr\/wp-json\/wp\/v2\/comments?post=431"}],"version-history":[{"count":7,"href":"https:\/\/www.connectalk.com\/fr\/wp-json\/wp\/v2\/pages\/431\/revisions"}],"predecessor-version":[{"id":1279,"href":"https:\/\/www.connectalk.com\/fr\/wp-json\/wp\/v2\/pages\/431\/revisions\/1279"}],"wp:attachment":[{"href":"https:\/\/www.connectalk.com\/fr\/wp-json\/wp\/v2\/media?parent=431"}],"curies":[{"name":"wp","href":"https:\/\/api.w.org\/{rel}","templated":true}]}}